{"id":2627,"date":"2021-08-03T10:22:39","date_gmt":"2021-08-03T08:22:39","guid":{"rendered":"http:\/\/87.98.162.226\/contact-acces\/"},"modified":"2021-11-29T19:09:22","modified_gmt":"2021-11-29T18:09:22","slug":"contact-acces","status":"publish","type":"page","link":"https:\/\/www.cityloftdijon.fr\/de\/contact-acces\/","title":{"rendered":"Kontakt &#038; Zugang"},"content":{"rendered":"\n<div class=\"is-layout-flow wp-block-group home-intro\"><div class=\"wp-block-group__inner-container\"><\/div><\/div>\n\n\n\n<div class=\"is-layout-flex wp-container-5 wp-block-columns\">\n<div class=\"is-layout-flow wp-block-column contact-infos\">\n<p class=\"contact-info\"><i class=\"ludi-icon-map-marker fa-fw\"><\/i> 96 rue des Godrans, 21000 Dijon<\/p>\n<\/div>\n\n\n\n<div class=\"is-layout-flow wp-block-column contact-infos\">\n<p class=\"contact-info\"><i class=\"ludi-icon-phone fa-fw\"><\/i> <a href=\"tel:+33380542754\">03 80 54 27 54<\/a><\/p>\n<\/div>\n\n\n\n<div class=\"is-layout-flow wp-block-column contact-infos\">\n<p class=\"contact-info\"><i class=\"ludi-icon-envelope fa-fw\"><\/i> <a href=\"mailto:resa@cityloftdijon.fr\">resa@cityloftdijon.fr<\/a><\/p>\n<\/div>\n<\/div>\n\n\n\n<div class=\"is-layout-flex wp-container-8 wp-block-columns alignfull main-content-cols img-left larger-grid\">\n<div class=\"is-layout-flow wp-block-column\">\n<figure class=\"wp-block-image size-large\"><img decoding=\"async\" loading=\"lazy\" width=\"1024\" height=\"965\" src=\"https:\/\/i0.wp.com\/www.cityloftdijon.fr\/wp-content\/uploads\/\/residence-city-loft-dijon-facade.jpg?resize=1024%2C965&#038;ssl=1\" alt=\"R\u00e9sidence - City Loft - Dijon - Fa\u00e7ade\" class=\"wp-image-850\" srcset=\"https:\/\/i0.wp.com\/www.cityloftdijon.fr\/wp-content\/uploads\/residence-city-loft-dijon-facade.jpg?resize=1024%2C965&amp;ssl=1 1024w, https:\/\/i0.wp.com\/www.cityloftdijon.fr\/wp-content\/uploads\/residence-city-loft-dijon-facade.jpg?resize=300%2C283&amp;ssl=1 300w, https:\/\/i0.wp.com\/www.cityloftdijon.fr\/wp-content\/uploads\/residence-city-loft-dijon-facade.jpg?resize=768%2C723&amp;ssl=1 768w, https:\/\/i0.wp.com\/www.cityloftdijon.fr\/wp-content\/uploads\/residence-city-loft-dijon-facade.jpg?w=1500&amp;ssl=1 1500w\" sizes=\"(max-width: 1024px) 100vw, 1024px\" data-recalc-dims=\"1\" \/><\/figure>\n<\/div>\n\n\n\n<div class=\"is-layout-flow wp-block-column col-text contact-infos\">\n<figure class=\"wp-block-image size-full\"><img decoding=\"async\" src=\"https:\/\/www.cityloftdijon.fr\/wp-content\/uploads\/contact-email.svg\" alt=\"\" class=\"wp-image-839\"\/><\/figure>\n\n\n\n<h2>Uns kontaktieren<\/h2>\n\n\n\n<p>Der Empfang ist von 7.00 bis 13.00 Uhr und von 15.00 bis 23.00 Uhr ge\u00f6ffnet. Wir werden Ihre Anfrage schnellstm\u00f6glich beantworten.<\/p>\n\n\n\n<p>Ihr gesamtes Team von City Loft Dijon steht Ihnen bei Fragen und bei der Organisation Ihres Aufenthalts zur Verf\u00fcgung<\/p>\n\n\n\n<p>Eine Frage? Eine spezifische Anfrage? Benutzen Sie unser Kontaktformular und geben Sie Ihre Kontaktdaten ein, um unseren Austausch zu erleichtern!<\/p>\n\n\n\n<div class=\"wpcf7 no-js\" id=\"wpcf7-f5-o1\" lang=\"fr-FR\" dir=\"ltr\">\n<div class=\"screen-reader-response\"><p role=\"status\" aria-live=\"polite\" aria-atomic=\"true\"><\/p> <ul><\/ul><\/div>\n<form action=\"\/de\/wp-json\/wp\/v2\/pages\/2627#wpcf7-f5-o1\" method=\"post\" class=\"wpcf7-form init\" aria-label=\"Formulaire de contact\" novalidate=\"novalidate\" data-status=\"init\">\n<div style=\"display: none;\">\n<input type=\"hidden\" name=\"_wpcf7\" value=\"5\" \/>\n<input type=\"hidden\" name=\"_wpcf7_version\" value=\"5.7.7\" \/>\n<input type=\"hidden\" name=\"_wpcf7_locale\" value=\"fr_FR\" \/>\n<input type=\"hidden\" name=\"_wpcf7_unit_tag\" value=\"wpcf7-f5-o1\" \/>\n<input type=\"hidden\" name=\"_wpcf7_container_post\" value=\"0\" \/>\n<input type=\"hidden\" name=\"_wpcf7_posted_data_hash\" value=\"\" \/>\n<input type=\"hidden\" name=\"_wpcf7_recaptcha_response\" value=\"\" \/>\n<\/div>\n<div class=\"row\">\n\t<div class=\"col-12 col-md-6\">\n\t\t<div class=\"form-group\">\n\t\t\t<p><span class=\"wpcf7-form-control-wrap\" data-name=\"your-name\"><input size=\"40\" class=\"wpcf7-form-control wpcf7-text wpcf7-validates-as-required form-control\" aria-required=\"true\" aria-invalid=\"false\" placeholder=\"Votre nom *\" value=\"\" type=\"text\" name=\"your-name\" \/><\/span>\n\t\t\t<\/p>\n\t\t<\/div>\n\t<\/div>\n\t<div class=\"col-12 col-md-6\">\n\t\t<div class=\"form-group\">\n\t\t\t<p><span class=\"wpcf7-form-control-wrap\" data-name=\"your-firstname\"><input size=\"40\" class=\"wpcf7-form-control wpcf7-text wpcf7-validates-as-required form-control\" aria-required=\"true\" aria-invalid=\"false\" placeholder=\"Votre pr\u00e9nom *\" value=\"\" type=\"text\" name=\"your-firstname\" \/><\/span>\n\t\t\t<\/p>\n\t\t<\/div>\n\t<\/div>\n<\/div>\n<div class=\"row\">\n\t<div class=\"col-12 col-md-6\">\n\t\t<div class=\"form-group\">\n\t\t\t<p><span class=\"wpcf7-form-control-wrap\" data-name=\"your-email\"><input size=\"40\" class=\"wpcf7-form-control wpcf7-text wpcf7-email wpcf7-validates-as-required wpcf7-validates-as-email form-control\" aria-required=\"true\" aria-invalid=\"false\" placeholder=\"Votre email *\" value=\"\" type=\"email\" name=\"your-email\" \/><\/span>\n\t\t\t<\/p>\n\t\t<\/div>\n\t<\/div>\n\t<div class=\"col-12 col-md-6\">\n\t\t<div class=\"form-group\">\n\t\t\t<p><span class=\"wpcf7-form-control-wrap\" data-name=\"your-phone\"><input size=\"40\" class=\"wpcf7-form-control wpcf7-text wpcf7-tel wpcf7-validates-as-required wpcf7-validates-as-tel form-control\" aria-required=\"true\" aria-invalid=\"false\" placeholder=\"Votre t\u00e9l\u00e9phone *\" value=\"\" type=\"tel\" name=\"your-phone\" \/><\/span>\n\t\t\t<\/p>\n\t\t<\/div>\n\t<\/div>\n<\/div>\n<div class=\"row\">\n\t<div class=\"col\">\n\t\t<div class=\"form-group\">\n\t\t\t<p><span class=\"wpcf7-form-control-wrap\" data-name=\"your-subject\"><select class=\"wpcf7-form-control wpcf7-select wpcf7-validates-as-required form-control\" aria-required=\"true\" aria-invalid=\"false\" name=\"your-subject\"><option value=\"Demande d&#039;informations g\u00e9n\u00e9rale\">Demande d&#039;informations g\u00e9n\u00e9rale<\/option><option value=\"Demande concernant une r\u00e9servation\">Demande concernant une r\u00e9servation<\/option><option value=\"Candidature spontan\u00e9e\">Candidature spontan\u00e9e<\/option><option value=\"Autre demande\">Autre demande<\/option><\/select><\/span>\n\t\t\t<\/p>\n\t\t<\/div>\n\t<\/div>\n<\/div>\n<div class=\"row\">\n\t<div class=\"col contact_message\">\n\t\t<div class=\"form-group\">\n\t\t\t<p><span class=\"wpcf7-form-control-wrap\" data-name=\"message\"><textarea cols=\"40\" rows=\"10\" class=\"wpcf7-form-control wpcf7-textarea wpcf7-validates-as-required form-control\" aria-required=\"true\" aria-invalid=\"false\" placeholder=\"Votre Message *\" name=\"message\"><\/textarea><\/span>\n\t\t\t<\/p>\n\t\t<\/div>\n\t<\/div>\n<\/div>\n<div class=\"row\">\n\t<div class=\"col\">\n\t\t<div class=\"form-group\">\n\t\t\t<p><span class=\"wpcf7-form-control-wrap\" data-name=\"checkbox-337\"><span class=\"wpcf7-form-control wpcf7-checkbox wpcf7-validates-as-required\"><span class=\"wpcf7-list-item first last\"><label><input type=\"checkbox\" name=\"checkbox-337[]\" value=\"En soumettant ce formulaire, j&#039;accepte que les informations saisies soient utilis\u00e9es pour permettre \u00e0 l&#039;h\u00f4tel de me recontacter\" \/><span class=\"wpcf7-list-item-label\">En soumettant ce formulaire, j&#039;accepte que les informations saisies soient utilis\u00e9es pour permettre \u00e0 l&#039;h\u00f4tel de me recontacter<\/span><\/label><\/span><\/span><\/span>\n\t\t\t<\/p>\n\t\t<\/div>\n\t<\/div>\n<\/div>\n<div class=\"row\">\n\t<div class=\"col\">\n\t\t<div class=\"form-group\">\n\t\t\t<p><input class=\"wpcf7-form-control has-spinner wpcf7-submit form-control\" type=\"submit\" value=\"Envoyer votre demande\" \/>\n\t\t\t<\/p>\n\t\t<\/div>\n\t<\/div>\n<\/div><div class=\"wpcf7-response-output\" aria-hidden=\"true\"><\/div>\n<\/form>\n<\/div>\n\n\n\n\n<p class=\"contact-legal\">Protected by\u00a0reCAPTCHA. <a href=\"https:\/\/policies.google.com\/privacy\" target=\"_blank\" rel=\"noreferrer noopener\">Confidentialit\u00e9<\/a> &#8211; <a href=\"https:\/\/policies.google.com\/terms\" target=\"_blank\" rel=\"noreferrer noopener\">Conditions<\/a><\/p>\n<\/div>\n<\/div>\n\n\n\n<div class=\"is-layout-flex wp-container-11 wp-block-columns alignfull main-content-cols img-right larger-grid\">\n<div class=\"is-layout-flow wp-block-column\">\n<figure class=\"wp-block-image size-large\"><img decoding=\"async\" loading=\"lazy\" width=\"1024\" height=\"682\" src=\"https:\/\/i0.wp.com\/www.cityloftdijon.fr\/wp-content\/uploads\/\/residence-city-loft-dijon-quartier.jpg?resize=1024%2C682&#038;ssl=1\" alt=\"\" class=\"wp-image-617\" srcset=\"https:\/\/i0.wp.com\/www.cityloftdijon.fr\/wp-content\/uploads\/residence-city-loft-dijon-quartier.jpg?resize=1024%2C682&amp;ssl=1 1024w, https:\/\/i0.wp.com\/www.cityloftdijon.fr\/wp-content\/uploads\/residence-city-loft-dijon-quartier.jpg?resize=300%2C200&amp;ssl=1 300w, https:\/\/i0.wp.com\/www.cityloftdijon.fr\/wp-content\/uploads\/residence-city-loft-dijon-quartier.jpg?resize=768%2C512&amp;ssl=1 768w, https:\/\/i0.wp.com\/www.cityloftdijon.fr\/wp-content\/uploads\/residence-city-loft-dijon-quartier.jpg?resize=1536%2C1024&amp;ssl=1 1536w, https:\/\/i0.wp.com\/www.cityloftdijon.fr\/wp-content\/uploads\/residence-city-loft-dijon-quartier.jpg?w=2000&amp;ssl=1 2000w\" sizes=\"(max-width: 1024px) 100vw, 1024px\" data-recalc-dims=\"1\" \/><\/figure>\n<\/div>\n\n\n\n<div class=\"is-layout-flow wp-block-column col-text\">\n<figure class=\"wp-block-image size-full\"><img decoding=\"async\" src=\"https:\/\/www.cityloftdijon.fr\/wp-content\/uploads\/boussole.svg\" alt=\"\" class=\"wp-image-843\"\/><\/figure>\n\n\n\n<h2>Kommen in Dijon<\/h2>\n\n\n\n<h3>Zu reisen<\/h3>\n\n\n\n<p>Die <a href=\"https:\/\/www.oui.sncf\/gares\/dijon\" target=\"_blank\" rel=\"noreferrer noopener\">Bahnhof SNCF in Dijon<\/a> liegt weniger als 1 km vom Hotel entfernt. Sie k\u00f6nnen zu Fuss zu unserem Etablissement gehen oder sich an ein Taxi wenden<\/p>\n\n\n\n<p>Paris ist um 1:30 Uhr, Lille um 3 Uhr, Z\u00fcrich um 2:30 Uhr<\/p>\n\n\n\n<h3>Im Auto<\/h3>\n\n\n\n<p>Dijon befindet sich um 3h von Paris \u00fcber die A6, weniger als 5h von Lille und Belgien (A26), weniger als 3h von Metz und Luxemburg \u00fcber die A31 und die Schweiz (A40\/A39).<\/p>\n\n\n\n<p>Zum Einparken ist der Parkplatz Dauphine 1 Min. zu Fuss und der Parkplatz Grangier 2 Min. zu Fuss vom Hotel entfernt. Diese beiden Tiefgaragen kosten rund 10 Euro pro 24h<\/p>\n<\/div>\n<\/div>\n","protected":false},"excerpt":{"rendered":"<p>96 rue des Godrans, 21000 Dijon 03 80 54 27 54 resa@cityloftdijon.fr Uns kontaktieren Der Empfang ist von 7.00 bis 13.00 Uhr und von 15.00 bis 23.00 Uhr ge\u00f6ffnet. Wir werden Ihre Anfrage schnellstm\u00f6glich beantworten. Ihr gesamtes Team von City Loft Dijon steht Ihnen bei Fragen und bei der Organisation Ihres Aufenthalts zur Verf\u00fcgung Eine [&hellip;]<\/p>\n","protected":false},"author":1,"featured_media":0,"parent":0,"menu_order":0,"comment_status":"closed","ping_status":"closed","template":"","meta":[],"yoast_head":"<!-- This site is optimized with the Yoast SEO plugin v21.1 - https:\/\/yoast.com\/wordpress\/plugins\/seo\/ -->\n<title>Kontakt &amp; Zugang - City Loft Dijon<\/title>\n<meta name=\"description\" content=\"R\u00e9sidence City Loft, au c\u0153ur de Dijon, en Bourgogne, \u00e0 deux pas du quartier historique. Meilleur tarif garanti sur notre site !\" \/>\n<meta name=\"robots\" content=\"index, follow, max-snippet:-1, max-image-preview:large, max-video-preview:-1\" \/>\n<link rel=\"canonical\" href=\"https:\/\/www.cityloftdijon.fr\/de\/contact-acces\/\" \/>\n<meta property=\"og:locale\" content=\"de_DE\" \/>\n<meta property=\"og:type\" content=\"article\" \/>\n<meta property=\"og:title\" content=\"Kontakt &amp; Zugang - City Loft Dijon\" \/>\n<meta property=\"og:description\" content=\"R\u00e9sidence City Loft, au c\u0153ur de Dijon, en Bourgogne, \u00e0 deux pas du quartier historique. Meilleur tarif garanti sur notre site !\" \/>\n<meta property=\"og:url\" content=\"https:\/\/www.cityloftdijon.fr\/de\/contact-acces\/\" \/>\n<meta property=\"og:site_name\" content=\"City Loft Dijon\" \/>\n<meta property=\"article:publisher\" content=\"https:\/\/www.facebook.com\/H%c3%b4tel-City-loft-145636705484875\/\" \/>\n<meta property=\"article:modified_time\" content=\"2021-11-29T18:09:22+00:00\" \/>\n<meta property=\"og:image\" content=\"https:\/\/www.cityloftdijon.fr\/wp-content\/uploads\/\/residence-city-loft-dijon-facade-1024x965.jpg\" \/>\n<meta name=\"twitter:card\" content=\"summary_large_image\" \/>\n<meta name=\"twitter:label1\" content=\"Gesch\u00e4tzte Lesezeit\" \/>\n\t<meta name=\"twitter:data1\" content=\"2\u00a0Minuten\" \/>\n<script type=\"application\/ld+json\" class=\"yoast-schema-graph\">{\"@context\":\"https:\/\/schema.org\",\"@graph\":[{\"@type\":\"WebPage\",\"@id\":\"https:\/\/www.cityloftdijon.fr\/de\/contact-acces\/\",\"url\":\"https:\/\/www.cityloftdijon.fr\/de\/contact-acces\/\",\"name\":\"Kontakt & Zugang - City Loft Dijon\",\"isPartOf\":{\"@id\":\"https:\/\/www.cityloftdijon.fr\/de\/#website\"},\"datePublished\":\"2021-08-03T08:22:39+00:00\",\"dateModified\":\"2021-11-29T18:09:22+00:00\",\"description\":\"R\u00e9sidence City Loft, au c\u0153ur de Dijon, en Bourgogne, \u00e0 deux pas du quartier historique. Meilleur tarif garanti sur notre site !\",\"breadcrumb\":{\"@id\":\"https:\/\/www.cityloftdijon.fr\/de\/contact-acces\/#breadcrumb\"},\"inLanguage\":\"de\",\"potentialAction\":[{\"@type\":\"ReadAction\",\"target\":[\"https:\/\/www.cityloftdijon.fr\/de\/contact-acces\/\"]}]},{\"@type\":\"BreadcrumbList\",\"@id\":\"https:\/\/www.cityloftdijon.fr\/de\/contact-acces\/#breadcrumb\",\"itemListElement\":[{\"@type\":\"ListItem\",\"position\":1,\"name\":\"Home\",\"item\":\"https:\/\/www.cityloftdijon.fr\/de\/\"},{\"@type\":\"ListItem\",\"position\":2,\"name\":\"Kontakt &#038; Zugang\"}]},{\"@type\":\"WebSite\",\"@id\":\"https:\/\/www.cityloftdijon.fr\/de\/#website\",\"url\":\"https:\/\/www.cityloftdijon.fr\/de\/\",\"name\":\"City Loft Dijon\",\"description\":\"\",\"publisher\":{\"@id\":\"https:\/\/www.cityloftdijon.fr\/de\/#organization\"},\"potentialAction\":[{\"@type\":\"SearchAction\",\"target\":{\"@type\":\"EntryPoint\",\"urlTemplate\":\"https:\/\/www.cityloftdijon.fr\/de\/?s={search_term_string}\"},\"query-input\":\"required name=search_term_string\"}],\"inLanguage\":\"de\"},{\"@type\":\"Organization\",\"@id\":\"https:\/\/www.cityloftdijon.fr\/de\/#organization\",\"name\":\"City Loft Dijon\",\"url\":\"https:\/\/www.cityloftdijon.fr\/de\/\",\"logo\":{\"@type\":\"ImageObject\",\"inLanguage\":\"de\",\"@id\":\"https:\/\/www.cityloftdijon.fr\/de\/#\/schema\/logo\/image\/\",\"url\":\"https:\/\/i0.wp.com\/www.cityloftdijon.fr\/wp-content\/uploads\/logo-cityloft.png?fit=280%2C265&ssl=1\",\"contentUrl\":\"https:\/\/i0.wp.com\/www.cityloftdijon.fr\/wp-content\/uploads\/logo-cityloft.png?fit=280%2C265&ssl=1\",\"width\":280,\"height\":265,\"caption\":\"City Loft Dijon\"},\"image\":{\"@id\":\"https:\/\/www.cityloftdijon.fr\/de\/#\/schema\/logo\/image\/\"},\"sameAs\":[\"https:\/\/www.facebook.com\/H\u00f4tel-City-loft-145636705484875\/\",\"https:\/\/www.instagram.com\/cityloftdijon\/\"]}]}<\/script>\n<!-- \/ Yoast SEO plugin. -->","yoast_head_json":{"title":"Kontakt & Zugang - City Loft Dijon","description":"R\u00e9sidence City Loft, au c\u0153ur de Dijon, en Bourgogne, \u00e0 deux pas du quartier historique. Meilleur tarif garanti sur notre site !","robots":{"index":"index","follow":"follow","max-snippet":"max-snippet:-1","max-image-preview":"max-image-preview:large","max-video-preview":"max-video-preview:-1"},"canonical":"https:\/\/www.cityloftdijon.fr\/de\/contact-acces\/","og_locale":"de_DE","og_type":"article","og_title":"Kontakt & Zugang - City Loft Dijon","og_description":"R\u00e9sidence City Loft, au c\u0153ur de Dijon, en Bourgogne, \u00e0 deux pas du quartier historique. Meilleur tarif garanti sur notre site !","og_url":"https:\/\/www.cityloftdijon.fr\/de\/contact-acces\/","og_site_name":"City Loft Dijon","article_publisher":"https:\/\/www.facebook.com\/H%c3%b4tel-City-loft-145636705484875\/","article_modified_time":"2021-11-29T18:09:22+00:00","og_image":[{"url":"https:\/\/www.cityloftdijon.fr\/wp-content\/uploads\/\/residence-city-loft-dijon-facade-1024x965.jpg"}],"twitter_card":"summary_large_image","twitter_misc":{"Gesch\u00e4tzte Lesezeit":"2\u00a0Minuten"},"schema":{"@context":"https:\/\/schema.org","@graph":[{"@type":"WebPage","@id":"https:\/\/www.cityloftdijon.fr\/de\/contact-acces\/","url":"https:\/\/www.cityloftdijon.fr\/de\/contact-acces\/","name":"Kontakt & Zugang - City Loft Dijon","isPartOf":{"@id":"https:\/\/www.cityloftdijon.fr\/de\/#website"},"datePublished":"2021-08-03T08:22:39+00:00","dateModified":"2021-11-29T18:09:22+00:00","description":"R\u00e9sidence City Loft, au c\u0153ur de Dijon, en Bourgogne, \u00e0 deux pas du quartier historique. Meilleur tarif garanti sur notre site !","breadcrumb":{"@id":"https:\/\/www.cityloftdijon.fr\/de\/contact-acces\/#breadcrumb"},"inLanguage":"de","potentialAction":[{"@type":"ReadAction","target":["https:\/\/www.cityloftdijon.fr\/de\/contact-acces\/"]}]},{"@type":"BreadcrumbList","@id":"https:\/\/www.cityloftdijon.fr\/de\/contact-acces\/#breadcrumb","itemListElement":[{"@type":"ListItem","position":1,"name":"Home","item":"https:\/\/www.cityloftdijon.fr\/de\/"},{"@type":"ListItem","position":2,"name":"Kontakt &#038; Zugang"}]},{"@type":"WebSite","@id":"https:\/\/www.cityloftdijon.fr\/de\/#website","url":"https:\/\/www.cityloftdijon.fr\/de\/","name":"City Loft Dijon","description":"","publisher":{"@id":"https:\/\/www.cityloftdijon.fr\/de\/#organization"},"potentialAction":[{"@type":"SearchAction","target":{"@type":"EntryPoint","urlTemplate":"https:\/\/www.cityloftdijon.fr\/de\/?s={search_term_string}"},"query-input":"required name=search_term_string"}],"inLanguage":"de"},{"@type":"Organization","@id":"https:\/\/www.cityloftdijon.fr\/de\/#organization","name":"City Loft Dijon","url":"https:\/\/www.cityloftdijon.fr\/de\/","logo":{"@type":"ImageObject","inLanguage":"de","@id":"https:\/\/www.cityloftdijon.fr\/de\/#\/schema\/logo\/image\/","url":"https:\/\/i0.wp.com\/www.cityloftdijon.fr\/wp-content\/uploads\/logo-cityloft.png?fit=280%2C265&ssl=1","contentUrl":"https:\/\/i0.wp.com\/www.cityloftdijon.fr\/wp-content\/uploads\/logo-cityloft.png?fit=280%2C265&ssl=1","width":280,"height":265,"caption":"City Loft Dijon"},"image":{"@id":"https:\/\/www.cityloftdijon.fr\/de\/#\/schema\/logo\/image\/"},"sameAs":["https:\/\/www.facebook.com\/H\u00f4tel-City-loft-145636705484875\/","https:\/\/www.instagram.com\/cityloftdijon\/"]}]}},"_links":{"self":[{"href":"https:\/\/www.cityloftdijon.fr\/de\/wp-json\/wp\/v2\/pages\/2627"}],"collection":[{"href":"https:\/\/www.cityloftdijon.fr\/de\/wp-json\/wp\/v2\/pages"}],"about":[{"href":"https:\/\/www.cityloftdijon.fr\/de\/wp-json\/wp\/v2\/types\/page"}],"author":[{"embeddable":true,"href":"https:\/\/www.cityloftdijon.fr\/de\/wp-json\/wp\/v2\/users\/1"}],"replies":[{"embeddable":true,"href":"https:\/\/www.cityloftdijon.fr\/de\/wp-json\/wp\/v2\/comments?post=2627"}],"version-history":[{"count":1,"href":"https:\/\/www.cityloftdijon.fr\/de\/wp-json\/wp\/v2\/pages\/2627\/revisions"}],"predecessor-version":[{"id":2805,"href":"https:\/\/www.cityloftdijon.fr\/de\/wp-json\/wp\/v2\/pages\/2627\/revisions\/2805"}],"wp:attachment":[{"href":"https:\/\/www.cityloftdijon.fr\/de\/wp-json\/wp\/v2\/media?parent=2627"}],"curies":[{"name":"wp","href":"https:\/\/api.w.org\/{rel}","templated":true}]}}