{"id":2162,"date":"2021-11-23T14:18:20","date_gmt":"2021-11-23T13:18:20","guid":{"rendered":"http:\/\/87.98.162.226\/?page_id=2162"},"modified":"2021-11-24T09:43:27","modified_gmt":"2021-11-24T08:43:27","slug":"shops-in-dijon","status":"publish","type":"page","link":"https:\/\/www.cityloftdijon.fr\/en\/city-guide-of-dijon\/shops-in-dijon\/","title":{"rendered":"Shops in Dijon"},"content":{"rendered":"\n<div class=\"is-layout-flow wp-block-group alignfull bg-hexagon-white no-padding-vertical has-black-background-color has-background\"><div class=\"wp-block-group__inner-container\">\n<div class=\"is-layout-flow wp-block-group has-white-background-color has-background\"><div class=\"wp-block-group__inner-container\">\n<h1 class=\"has-text-align-center\">Les boutiques typiques de Dijon<\/h1>\n\n\n\n<p>Profitez des petites boutiques typiques de Dijon pour choisir les gourmandises que vous allez rapporter de votre s\u00e9jour.  Rendez-vous \u00e0 la fabrique de pains d\u2019\u00e9pices Mulot et Petit-Jean, chez les cavistes de la ville ou encore \u00e0 la boutique moutarde Maille.<\/p>\n<\/div><\/div>\n<\/div><\/div>\n\n\n\n<div class=\"is-layout-flex wp-container-5 wp-block-columns alignfull main-content-cols img-right larger-grid\">\n<div class=\"is-layout-flow wp-block-column\">\n<figure class=\"wp-block-image size-large\"><img decoding=\"async\" loading=\"lazy\" width=\"1024\" height=\"681\" src=\"https:\/\/i0.wp.com\/www.cityloftdijon.fr\/wp-content\/uploads\/\/mulot.jpg?resize=1024%2C681&#038;ssl=1\" alt=\"R\u00e9sidence - City Loft - Dijon - Mulot\" class=\"wp-image-951\" srcset=\"https:\/\/i0.wp.com\/www.cityloftdijon.fr\/wp-content\/uploads\/mulot-scaled.jpg?resize=1024%2C681&amp;ssl=1 1024w, https:\/\/i0.wp.com\/www.cityloftdijon.fr\/wp-content\/uploads\/mulot-scaled.jpg?resize=300%2C199&amp;ssl=1 300w, https:\/\/i0.wp.com\/www.cityloftdijon.fr\/wp-content\/uploads\/mulot-scaled.jpg?resize=768%2C511&amp;ssl=1 768w, https:\/\/i0.wp.com\/www.cityloftdijon.fr\/wp-content\/uploads\/mulot-scaled.jpg?resize=1536%2C1021&amp;ssl=1 1536w, https:\/\/i0.wp.com\/www.cityloftdijon.fr\/wp-content\/uploads\/mulot-scaled.jpg?resize=2048%2C1362&amp;ssl=1 2048w, https:\/\/i0.wp.com\/www.cityloftdijon.fr\/wp-content\/uploads\/mulot-scaled.jpg?w=2560&amp;ssl=1 2560w\" sizes=\"(max-width: 1024px) 100vw, 1024px\" data-recalc-dims=\"1\" \/><\/figure>\n<\/div>\n\n\n\n<div class=\"is-layout-flow wp-block-column is-vertically-aligned-center col-text\">\n<h2>Mulot et Petit Jean<\/h2>\n\n\n\n<p>Institution historique bourguignonne, l\u2019enseigne<strong> <a href=\"https:\/\/www.mulotpetitjean.com\/en\/\" target=\"_blank\" rel=\"noreferrer noopener\">Mulot et Petitjean<\/a><\/strong> fond\u00e9e il y a plus de 220 ans est <strong>sp\u00e9cialiste du pain d\u2019\u00e9pices<\/strong>, elle en fait m\u00eame un incontournable du patrimoine gourmand de <strong>Dijon<\/strong>. Pain d\u2019\u00e9pices fourr\u00e9, nonnettes et friandises vous attendent dans les 4 boutiques pr\u00e9sentes \u00e0 Dijon : Place Bossuet, Rue de la Libert\u00e9, Place Notre-Dame et Rue de la Chouette. Et pour les curieux, l\u2019espace mus\u00e9e situ\u00e9 6 Boulevard de l\u2019Ouest vous propose de d\u00e9couvrir les \u00e9tapes de fabrication du pain d\u2019\u00e9pices et l\u2019histoire de la <strong>maison Mulot &amp; Petitjean<\/strong>.<\/p>\n<\/div>\n<\/div>\n\n\n\n<div class=\"is-layout-flex wp-container-8 wp-block-columns alignfull main-content-cols img-left larger-grid\">\n<div class=\"is-layout-flow wp-block-column\">\n<figure class=\"wp-block-image size-large\"><img decoding=\"async\" loading=\"lazy\" width=\"1024\" height=\"681\" src=\"https:\/\/i0.wp.com\/www.cityloftdijon.fr\/wp-content\/uploads\/\/IMG08750.jpg?resize=1024%2C681&#038;ssl=1\" alt=\" R\u00e9sidence - City Loft - Dijon - Vin\" class=\"wp-image-1009\" srcset=\"https:\/\/i0.wp.com\/www.cityloftdijon.fr\/wp-content\/uploads\/IMG08750-scaled.jpg?resize=1024%2C681&amp;ssl=1 1024w, https:\/\/i0.wp.com\/www.cityloftdijon.fr\/wp-content\/uploads\/IMG08750-scaled.jpg?resize=300%2C199&amp;ssl=1 300w, https:\/\/i0.wp.com\/www.cityloftdijon.fr\/wp-content\/uploads\/IMG08750-scaled.jpg?resize=768%2C511&amp;ssl=1 768w, https:\/\/i0.wp.com\/www.cityloftdijon.fr\/wp-content\/uploads\/IMG08750-scaled.jpg?resize=1536%2C1021&amp;ssl=1 1536w, https:\/\/i0.wp.com\/www.cityloftdijon.fr\/wp-content\/uploads\/IMG08750-scaled.jpg?resize=2048%2C1362&amp;ssl=1 2048w, https:\/\/i0.wp.com\/www.cityloftdijon.fr\/wp-content\/uploads\/IMG08750-scaled.jpg?w=2560&amp;ssl=1 2560w\" sizes=\"(max-width: 1024px) 100vw, 1024px\" data-recalc-dims=\"1\" \/><\/figure>\n<\/div>\n\n\n\n<div class=\"is-layout-flow wp-block-column is-vertically-aligned-center col-text\">\n<h2>La Route des Vins<\/h2>\n\n\n\n<p>Au bout de la rue Musette, \u00e0 c\u00f4t\u00e9 de la cath\u00e9drale, cette boutique <strong>sp\u00e9cialiste du vin<\/strong> vous pr\u00e9sente une large s\u00e9lection de vins et spiritueux et propose sur r\u00e9servation diff\u00e9rentes d\u00e9gustations, de quoi passer un moment unique et convivial avec des professionnels en la mati\u00e8re.<\/p>\n<\/div>\n<\/div>\n\n\n\n<div class=\"is-layout-flex wp-container-11 wp-block-columns alignfull main-content-cols img-right larger-grid\">\n<div class=\"is-layout-flow wp-block-column\">\n<figure class=\"wp-block-image size-full\"><img decoding=\"async\" loading=\"lazy\" width=\"1024\" height=\"711\" src=\"https:\/\/i0.wp.com\/www.cityloftdijon.fr\/wp-content\/uploads\/palais-des-ducsb.jpg?resize=1024%2C711&#038;ssl=1\" alt=\"\" class=\"wp-image-536\" srcset=\"https:\/\/i0.wp.com\/www.cityloftdijon.fr\/wp-content\/uploads\/palais-des-ducsb.jpg?w=1024&amp;ssl=1 1024w, https:\/\/i0.wp.com\/www.cityloftdijon.fr\/wp-content\/uploads\/palais-des-ducsb.jpg?resize=300%2C208&amp;ssl=1 300w, https:\/\/i0.wp.com\/www.cityloftdijon.fr\/wp-content\/uploads\/palais-des-ducsb.jpg?resize=768%2C533&amp;ssl=1 768w\" sizes=\"(max-width: 1024px) 100vw, 1024px\" data-recalc-dims=\"1\" \/><\/figure>\n<\/div>\n\n\n\n<div class=\"is-layout-flow wp-block-column is-vertically-aligned-center col-text\">\n<h2>Boutique Vedrenne<\/h2>\n\n\n\n<p>Situ\u00e9e Rue Bossuet \u00e0 la sortie du City Loft, <strong>la boutique Vedrenne <\/strong>pr\u00e9sente liqueurs, spiritueux et cr\u00e8mes, significative du savoir-faire et de l\u2019expertise du groupe. L\u2019occasion de repartir avec une bouteille de <strong>SUPERCASSIS<\/strong> (cr\u00e8me de cassis), un classique de la marque depuis sa cr\u00e9ation en 1923.<\/p>\n<\/div>\n<\/div>\n\n\n\n<div class=\"is-layout-flex wp-container-14 wp-block-columns alignfull main-content-cols img-left larger-grid\">\n<div class=\"is-layout-flow wp-block-column\">\n<figure class=\"wp-block-image size-large\"><img decoding=\"async\" loading=\"lazy\" width=\"1024\" height=\"681\" src=\"https:\/\/i0.wp.com\/www.cityloftdijon.fr\/wp-content\/uploads\/\/maille.jpg?resize=1024%2C681&#038;ssl=1\" alt=\"R\u00e9sidence - City Loft - Dijon - Maille\" class=\"wp-image-956\" srcset=\"https:\/\/i0.wp.com\/www.cityloftdijon.fr\/wp-content\/uploads\/maille-scaled.jpg?resize=1024%2C681&amp;ssl=1 1024w, https:\/\/i0.wp.com\/www.cityloftdijon.fr\/wp-content\/uploads\/maille-scaled.jpg?resize=300%2C199&amp;ssl=1 300w, https:\/\/i0.wp.com\/www.cityloftdijon.fr\/wp-content\/uploads\/maille-scaled.jpg?resize=768%2C511&amp;ssl=1 768w, https:\/\/i0.wp.com\/www.cityloftdijon.fr\/wp-content\/uploads\/maille-scaled.jpg?resize=1536%2C1021&amp;ssl=1 1536w, https:\/\/i0.wp.com\/www.cityloftdijon.fr\/wp-content\/uploads\/maille-scaled.jpg?resize=2048%2C1362&amp;ssl=1 2048w, https:\/\/i0.wp.com\/www.cityloftdijon.fr\/wp-content\/uploads\/maille-scaled.jpg?w=2560&amp;ssl=1 2560w\" sizes=\"(max-width: 1024px) 100vw, 1024px\" data-recalc-dims=\"1\" \/><\/figure>\n<\/div>\n\n\n\n<div class=\"is-layout-flow wp-block-column is-vertically-aligned-center col-text\">\n<h2>Boutique Moutarde Maille de Dijon<\/h2>\n\n\n\n<p>Dans la rue de la Libert\u00e9, vous ne pourrez pas louper l\u2019historique boutique<strong> <a href=\"https:\/\/uk.maille.com\/\" target=\"_blank\" rel=\"noreferrer noopener\">la Maison Maille<\/a><\/strong>. Depuis son ouverture en 1845, la Maison vous invite \u00e0 d\u00e9guster les diff\u00e9rentes moutardes, huiles et vinaigrettes aux saveurs in\u00e9dites.<\/p>\n<\/div>\n<\/div>\n","protected":false},"excerpt":{"rendered":"<p>Les boutiques typiques de Dijon Profitez des petites boutiques typiques de Dijon pour choisir les gourmandises que vous allez rapporter de votre s\u00e9jour. Rendez-vous \u00e0 la fabrique de pains d\u2019\u00e9pices Mulot et Petit-Jean, chez les cavistes de la ville ou encore \u00e0 la boutique moutarde Maille. Mulot et Petit Jean Institution historique bourguignonne, l\u2019enseigne Mulot [&hellip;]<\/p>\n","protected":false},"author":2,"featured_media":0,"parent":2158,"menu_order":0,"comment_status":"closed","ping_status":"closed","template":"","meta":[],"yoast_head":"<!-- This site is optimized with the Yoast SEO plugin v21.1 - https:\/\/yoast.com\/wordpress\/plugins\/seo\/ -->\n<title>Shops in Dijon - City Loft Dijon<\/title>\n<meta name=\"description\" content=\"Discover the must-see shops in Dijon. Mutlot and Petit-Jean, Moutarde Maille de Dijon, la Route des Vins. What to bring back beautiful memories.\" \/>\n<meta name=\"robots\" content=\"index, follow, max-snippet:-1, max-image-preview:large, max-video-preview:-1\" \/>\n<link rel=\"canonical\" href=\"https:\/\/www.cityloftdijon.fr\/en\/city-guide-of-dijon\/shops-in-dijon\/\" \/>\n<meta property=\"og:locale\" content=\"en_US\" \/>\n<meta property=\"og:type\" content=\"article\" \/>\n<meta property=\"og:title\" content=\"Shops in Dijon - City Loft Dijon\" \/>\n<meta property=\"og:description\" content=\"Discover the must-see shops in Dijon. Mutlot and Petit-Jean, Moutarde Maille de Dijon, la Route des Vins. What to bring back beautiful memories.\" \/>\n<meta property=\"og:url\" content=\"https:\/\/www.cityloftdijon.fr\/en\/city-guide-of-dijon\/shops-in-dijon\/\" \/>\n<meta property=\"og:site_name\" content=\"City Loft Dijon\" \/>\n<meta property=\"article:publisher\" content=\"https:\/\/www.facebook.com\/H%c3%b4tel-City-loft-145636705484875\/\" \/>\n<meta property=\"article:modified_time\" content=\"2021-11-24T08:43:27+00:00\" \/>\n<meta property=\"og:image\" content=\"https:\/\/www.cityloftdijon.fr\/wp-content\/uploads\/\/mulot-1024x681.jpg\" \/>\n<meta name=\"twitter:card\" content=\"summary_large_image\" \/>\n<meta name=\"twitter:label1\" content=\"Est. reading time\" \/>\n\t<meta name=\"twitter:data1\" content=\"3 minutes\" \/>\n<script type=\"application\/ld+json\" class=\"yoast-schema-graph\">{\"@context\":\"https:\/\/schema.org\",\"@graph\":[{\"@type\":\"WebPage\",\"@id\":\"https:\/\/www.cityloftdijon.fr\/en\/city-guide-of-dijon\/shops-in-dijon\/\",\"url\":\"https:\/\/www.cityloftdijon.fr\/en\/city-guide-of-dijon\/shops-in-dijon\/\",\"name\":\"Shops in Dijon - City Loft Dijon\",\"isPartOf\":{\"@id\":\"https:\/\/www.cityloftdijon.fr\/en\/#website\"},\"datePublished\":\"2021-11-23T13:18:20+00:00\",\"dateModified\":\"2021-11-24T08:43:27+00:00\",\"description\":\"Discover the must-see shops in Dijon. Mutlot and Petit-Jean, Moutarde Maille de Dijon, la Route des Vins. What to bring back beautiful memories.\",\"breadcrumb\":{\"@id\":\"https:\/\/www.cityloftdijon.fr\/en\/city-guide-of-dijon\/shops-in-dijon\/#breadcrumb\"},\"inLanguage\":\"en-US\",\"potentialAction\":[{\"@type\":\"ReadAction\",\"target\":[\"https:\/\/www.cityloftdijon.fr\/en\/city-guide-of-dijon\/shops-in-dijon\/\"]}]},{\"@type\":\"BreadcrumbList\",\"@id\":\"https:\/\/www.cityloftdijon.fr\/en\/city-guide-of-dijon\/shops-in-dijon\/#breadcrumb\",\"itemListElement\":[{\"@type\":\"ListItem\",\"position\":1,\"name\":\"Home\",\"item\":\"https:\/\/www.cityloftdijon.fr\/en\/\"},{\"@type\":\"ListItem\",\"position\":2,\"name\":\"City guide of Dijon\",\"item\":\"https:\/\/www.cityloftdijon.fr\/en\/city-guide-of-dijon\/\"},{\"@type\":\"ListItem\",\"position\":3,\"name\":\"Shops in Dijon\"}]},{\"@type\":\"WebSite\",\"@id\":\"https:\/\/www.cityloftdijon.fr\/en\/#website\",\"url\":\"https:\/\/www.cityloftdijon.fr\/en\/\",\"name\":\"City Loft Dijon\",\"description\":\"\",\"publisher\":{\"@id\":\"https:\/\/www.cityloftdijon.fr\/en\/#organization\"},\"potentialAction\":[{\"@type\":\"SearchAction\",\"target\":{\"@type\":\"EntryPoint\",\"urlTemplate\":\"https:\/\/www.cityloftdijon.fr\/en\/?s={search_term_string}\"},\"query-input\":\"required name=search_term_string\"}],\"inLanguage\":\"en-US\"},{\"@type\":\"Organization\",\"@id\":\"https:\/\/www.cityloftdijon.fr\/en\/#organization\",\"name\":\"City Loft Dijon\",\"url\":\"https:\/\/www.cityloftdijon.fr\/en\/\",\"logo\":{\"@type\":\"ImageObject\",\"inLanguage\":\"en-US\",\"@id\":\"https:\/\/www.cityloftdijon.fr\/en\/#\/schema\/logo\/image\/\",\"url\":\"https:\/\/i0.wp.com\/www.cityloftdijon.fr\/wp-content\/uploads\/logo-cityloft.png?fit=280%2C265&ssl=1\",\"contentUrl\":\"https:\/\/i0.wp.com\/www.cityloftdijon.fr\/wp-content\/uploads\/logo-cityloft.png?fit=280%2C265&ssl=1\",\"width\":280,\"height\":265,\"caption\":\"City Loft Dijon\"},\"image\":{\"@id\":\"https:\/\/www.cityloftdijon.fr\/en\/#\/schema\/logo\/image\/\"},\"sameAs\":[\"https:\/\/www.facebook.com\/H\u00f4tel-City-loft-145636705484875\/\",\"https:\/\/www.instagram.com\/cityloftdijon\/\"]}]}<\/script>\n<!-- \/ Yoast SEO plugin. -->","yoast_head_json":{"title":"Shops in Dijon - City Loft Dijon","description":"Discover the must-see shops in Dijon. Mutlot and Petit-Jean, Moutarde Maille de Dijon, la Route des Vins. What to bring back beautiful memories.","robots":{"index":"index","follow":"follow","max-snippet":"max-snippet:-1","max-image-preview":"max-image-preview:large","max-video-preview":"max-video-preview:-1"},"canonical":"https:\/\/www.cityloftdijon.fr\/en\/city-guide-of-dijon\/shops-in-dijon\/","og_locale":"en_US","og_type":"article","og_title":"Shops in Dijon - City Loft Dijon","og_description":"Discover the must-see shops in Dijon. Mutlot and Petit-Jean, Moutarde Maille de Dijon, la Route des Vins. What to bring back beautiful memories.","og_url":"https:\/\/www.cityloftdijon.fr\/en\/city-guide-of-dijon\/shops-in-dijon\/","og_site_name":"City Loft Dijon","article_publisher":"https:\/\/www.facebook.com\/H%c3%b4tel-City-loft-145636705484875\/","article_modified_time":"2021-11-24T08:43:27+00:00","og_image":[{"url":"https:\/\/www.cityloftdijon.fr\/wp-content\/uploads\/\/mulot-1024x681.jpg"}],"twitter_card":"summary_large_image","twitter_misc":{"Est. reading time":"3 minutes"},"schema":{"@context":"https:\/\/schema.org","@graph":[{"@type":"WebPage","@id":"https:\/\/www.cityloftdijon.fr\/en\/city-guide-of-dijon\/shops-in-dijon\/","url":"https:\/\/www.cityloftdijon.fr\/en\/city-guide-of-dijon\/shops-in-dijon\/","name":"Shops in Dijon - City Loft Dijon","isPartOf":{"@id":"https:\/\/www.cityloftdijon.fr\/en\/#website"},"datePublished":"2021-11-23T13:18:20+00:00","dateModified":"2021-11-24T08:43:27+00:00","description":"Discover the must-see shops in Dijon. Mutlot and Petit-Jean, Moutarde Maille de Dijon, la Route des Vins. What to bring back beautiful memories.","breadcrumb":{"@id":"https:\/\/www.cityloftdijon.fr\/en\/city-guide-of-dijon\/shops-in-dijon\/#breadcrumb"},"inLanguage":"en-US","potentialAction":[{"@type":"ReadAction","target":["https:\/\/www.cityloftdijon.fr\/en\/city-guide-of-dijon\/shops-in-dijon\/"]}]},{"@type":"BreadcrumbList","@id":"https:\/\/www.cityloftdijon.fr\/en\/city-guide-of-dijon\/shops-in-dijon\/#breadcrumb","itemListElement":[{"@type":"ListItem","position":1,"name":"Home","item":"https:\/\/www.cityloftdijon.fr\/en\/"},{"@type":"ListItem","position":2,"name":"City guide of Dijon","item":"https:\/\/www.cityloftdijon.fr\/en\/city-guide-of-dijon\/"},{"@type":"ListItem","position":3,"name":"Shops in Dijon"}]},{"@type":"WebSite","@id":"https:\/\/www.cityloftdijon.fr\/en\/#website","url":"https:\/\/www.cityloftdijon.fr\/en\/","name":"City Loft Dijon","description":"","publisher":{"@id":"https:\/\/www.cityloftdijon.fr\/en\/#organization"},"potentialAction":[{"@type":"SearchAction","target":{"@type":"EntryPoint","urlTemplate":"https:\/\/www.cityloftdijon.fr\/en\/?s={search_term_string}"},"query-input":"required name=search_term_string"}],"inLanguage":"en-US"},{"@type":"Organization","@id":"https:\/\/www.cityloftdijon.fr\/en\/#organization","name":"City Loft Dijon","url":"https:\/\/www.cityloftdijon.fr\/en\/","logo":{"@type":"ImageObject","inLanguage":"en-US","@id":"https:\/\/www.cityloftdijon.fr\/en\/#\/schema\/logo\/image\/","url":"https:\/\/i0.wp.com\/www.cityloftdijon.fr\/wp-content\/uploads\/logo-cityloft.png?fit=280%2C265&ssl=1","contentUrl":"https:\/\/i0.wp.com\/www.cityloftdijon.fr\/wp-content\/uploads\/logo-cityloft.png?fit=280%2C265&ssl=1","width":280,"height":265,"caption":"City Loft Dijon"},"image":{"@id":"https:\/\/www.cityloftdijon.fr\/en\/#\/schema\/logo\/image\/"},"sameAs":["https:\/\/www.facebook.com\/H\u00f4tel-City-loft-145636705484875\/","https:\/\/www.instagram.com\/cityloftdijon\/"]}]}},"_links":{"self":[{"href":"https:\/\/www.cityloftdijon.fr\/en\/wp-json\/wp\/v2\/pages\/2162"}],"collection":[{"href":"https:\/\/www.cityloftdijon.fr\/en\/wp-json\/wp\/v2\/pages"}],"about":[{"href":"https:\/\/www.cityloftdijon.fr\/en\/wp-json\/wp\/v2\/types\/page"}],"author":[{"embeddable":true,"href":"https:\/\/www.cityloftdijon.fr\/en\/wp-json\/wp\/v2\/users\/2"}],"replies":[{"embeddable":true,"href":"https:\/\/www.cityloftdijon.fr\/en\/wp-json\/wp\/v2\/comments?post=2162"}],"version-history":[{"count":3,"href":"https:\/\/www.cityloftdijon.fr\/en\/wp-json\/wp\/v2\/pages\/2162\/revisions"}],"predecessor-version":[{"id":2695,"href":"https:\/\/www.cityloftdijon.fr\/en\/wp-json\/wp\/v2\/pages\/2162\/revisions\/2695"}],"up":[{"embeddable":true,"href":"https:\/\/www.cityloftdijon.fr\/en\/wp-json\/wp\/v2\/pages\/2158"}],"wp:attachment":[{"href":"https:\/\/www.cityloftdijon.fr\/en\/wp-json\/wp\/v2\/media?parent=2162"}],"curies":[{"name":"wp","href":"https:\/\/api.w.org\/{rel}","templated":true}]}}