{"id":2164,"date":"2021-11-23T14:19:11","date_gmt":"2021-11-23T13:19:11","guid":{"rendered":"http:\/\/87.98.162.226\/?page_id=2164"},"modified":"2021-11-23T15:00:26","modified_gmt":"2021-11-23T14:00:26","slug":"places-not-to-be-missed-in-dijon","status":"publish","type":"page","link":"https:\/\/www.cityloftdijon.fr\/en\/city-guide-of-dijon\/places-not-to-be-missed-in-dijon\/","title":{"rendered":"Places not to be missed in Dijon"},"content":{"rendered":"\n<div class=\"is-layout-flow wp-block-group alignfull bg-hexagon-white no-padding-vertical has-black-background-color has-background\"><div class=\"wp-block-group__inner-container\">\n<div class=\"is-layout-flow wp-block-group has-white-background-color has-background\"><div class=\"wp-block-group__inner-container\">\n<h1 class=\"has-text-align-center\">Les lieux incontournables de Dijon<\/h1>\n\n\n\n<p>D\u00e9couvrez les lieux incontournables de la ville de Dijon. Partez \u00e0 la d\u00e9couverte du parcours de la chouette, du Palais des Ducs et la Tour Philippe. Vous aurez un tr\u00e8s bel aper\u00e7u du patrimoine et des richesses de Dijon.<\/p>\n<\/div><\/div>\n<\/div><\/div>\n\n\n\n<div class=\"is-layout-flex wp-container-5 wp-block-columns alignfull main-content-cols img-right larger-grid\">\n<div class=\"is-layout-flow wp-block-column\">\n<figure class=\"wp-block-image size-large\"><img decoding=\"async\" loading=\"lazy\" width=\"1024\" height=\"894\" src=\"https:\/\/i0.wp.com\/www.cityloftdijon.fr\/wp-content\/uploads\/\/parcours-chouette.jpg?resize=1024%2C894&#038;ssl=1\" alt=\"R\u00e9sidence - City Loft - Dijon - Parcours chouette\" class=\"wp-image-961\" srcset=\"https:\/\/i0.wp.com\/www.cityloftdijon.fr\/wp-content\/uploads\/parcours-chouette.jpg?resize=1024%2C894&amp;ssl=1 1024w, https:\/\/i0.wp.com\/www.cityloftdijon.fr\/wp-content\/uploads\/parcours-chouette.jpg?resize=300%2C262&amp;ssl=1 300w, https:\/\/i0.wp.com\/www.cityloftdijon.fr\/wp-content\/uploads\/parcours-chouette.jpg?resize=768%2C671&amp;ssl=1 768w, https:\/\/i0.wp.com\/www.cityloftdijon.fr\/wp-content\/uploads\/parcours-chouette.jpg?w=1200&amp;ssl=1 1200w\" sizes=\"(max-width: 1024px) 100vw, 1024px\" data-recalc-dims=\"1\" \/><\/figure>\n<\/div>\n\n\n\n<div class=\"is-layout-flow wp-block-column is-vertically-aligned-center col-text\">\n<h2>Le parcours de la Chouette<\/h2>\n\n\n\n<p>Ce parcours embl\u00e9matique vous permet lors d\u2019un circuit d\u00e9coup\u00e9 en 22 \u00e9tapes, de d\u00e9couvrir les principaux centres d\u2019int\u00e9r\u00eat de la ville de <strong>Dijon<\/strong>. <strong>Le parcours de la Chouette<\/strong> ne passe pas inaper\u00e7u des visiteurs puisqu\u2019il est marqu\u00e9 par des fl\u00e8ches en bronze \u00e0 l\u2019effigie de la chouette embl\u00e9matique dijonnaise. <\/p>\n\n\n\n<p>Pour profiter pleinement de cette balade d\u2019une heure, nous vous invitons \u00e0 r\u00e9cup\u00e9rer pour moins de 3 euros le livret du circuit, disponible \u00e0 la r\u00e9ception du City Loft et \u00e0 <strong>l\u2019Office de Tourisme<\/strong>.<\/p>\n<\/div>\n<\/div>\n\n\n\n<div class=\"is-layout-flex wp-container-8 wp-block-columns alignfull main-content-cols img-left larger-grid\">\n<div class=\"is-layout-flow wp-block-column\">\n<figure class=\"wp-block-image size-large\"><img decoding=\"async\" loading=\"lazy\" width=\"1024\" height=\"680\" src=\"https:\/\/i0.wp.com\/www.cityloftdijon.fr\/wp-content\/uploads\/\/palais.jpg?resize=1024%2C680&#038;ssl=1\" alt=\"hilippe le bon + palais des ducs\" class=\"wp-image-970\" srcset=\"https:\/\/i0.wp.com\/www.cityloftdijon.fr\/wp-content\/uploads\/palais.jpg?resize=1024%2C680&amp;ssl=1 1024w, https:\/\/i0.wp.com\/www.cityloftdijon.fr\/wp-content\/uploads\/palais.jpg?resize=300%2C199&amp;ssl=1 300w, https:\/\/i0.wp.com\/www.cityloftdijon.fr\/wp-content\/uploads\/palais.jpg?resize=768%2C510&amp;ssl=1 768w, https:\/\/i0.wp.com\/www.cityloftdijon.fr\/wp-content\/uploads\/palais.jpg?resize=1536%2C1020&amp;ssl=1 1536w, https:\/\/i0.wp.com\/www.cityloftdijon.fr\/wp-content\/uploads\/palais.jpg?resize=2048%2C1360&amp;ssl=1 2048w\" sizes=\"(max-width: 1024px) 100vw, 1024px\" data-recalc-dims=\"1\" \/><\/figure>\n<\/div>\n\n\n\n<div class=\"is-layout-flow wp-block-column is-vertically-aligned-center col-text\">\n<h2>Le Palais des Ducs et la Tour Philippe Le Bon<\/h2>\n\n\n\n<p>Situ\u00e9 sur la Place de la Lib\u00e9ration, l\u2019historique <strong>Palais des Ducs et des Etats de Bourgogne<\/strong> refl\u00e8te la richesse du patrimoine de la ville. A l\u2019int\u00e9rieur du Palais s\u2019\u00e9rige <strong>la Tour Philippe Le Bon<\/strong>, construite au XVIIe si\u00e8cle. Avec ses 46 m\u00e8tres de hauteur, elle vous r\u00e9serve l\u2019un des plus beaux points de vue sur Dijon et ses alentours.<\/p>\n<\/div>\n<\/div>\n\n\n\n<div class=\"is-layout-flex wp-container-11 wp-block-columns alignfull main-content-cols img-right larger-grid\">\n<div class=\"is-layout-flow wp-block-column\">\n<figure class=\"wp-block-image size-large\"><img decoding=\"async\" loading=\"lazy\" width=\"1024\" height=\"681\" src=\"https:\/\/i0.wp.com\/www.cityloftdijon.fr\/wp-content\/uploads\/\/beauxarts1.jpg?resize=1024%2C681&#038;ssl=1\" alt=\"R\u00e9sidence - City Loft - Dijon - Mus\u00e9e des beaux arts\" class=\"wp-image-1054\" srcset=\"https:\/\/i0.wp.com\/www.cityloftdijon.fr\/wp-content\/uploads\/beauxarts1-scaled.jpg?resize=1024%2C681&amp;ssl=1 1024w, https:\/\/i0.wp.com\/www.cityloftdijon.fr\/wp-content\/uploads\/beauxarts1-scaled.jpg?resize=300%2C199&amp;ssl=1 300w, https:\/\/i0.wp.com\/www.cityloftdijon.fr\/wp-content\/uploads\/beauxarts1-scaled.jpg?resize=768%2C511&amp;ssl=1 768w, https:\/\/i0.wp.com\/www.cityloftdijon.fr\/wp-content\/uploads\/beauxarts1-scaled.jpg?resize=1536%2C1021&amp;ssl=1 1536w, https:\/\/i0.wp.com\/www.cityloftdijon.fr\/wp-content\/uploads\/beauxarts1-scaled.jpg?resize=2048%2C1362&amp;ssl=1 2048w, https:\/\/i0.wp.com\/www.cityloftdijon.fr\/wp-content\/uploads\/beauxarts1-scaled.jpg?w=2560&amp;ssl=1 2560w\" sizes=\"(max-width: 1024px) 100vw, 1024px\" data-recalc-dims=\"1\" \/><\/figure>\n<\/div>\n\n\n\n<div class=\"is-layout-flow wp-block-column is-vertically-aligned-center col-text\">\n<h2>Le mus\u00e9e des Beaux Arts<\/h2>\n\n\n\n<p>En entrant dans<strong> le Palais des Ducs<\/strong>, vous pourrez visiter <strong><a href=\"https:\/\/beaux-arts.dijon.fr\/\" target=\"_blank\" rel=\"noreferrer noopener\">le Mus\u00e9e des Beaux-Arts de Dijon<\/a><\/strong>. Ouvert depuis 1799, il fait partie des plus anciens mus\u00e9es de France. Depuis sa r\u00e9ouverture en 2019, il propose 50 salles compl\u00e8tement repens\u00e9es pr\u00e9sentant plus de 1500 \u0153uvres allant de l\u2019Antiquit\u00e9 \u00e0 l\u2019art contemporain.<\/p>\n<\/div>\n<\/div>\n\n\n\n<div class=\"is-layout-flex wp-container-14 wp-block-columns alignfull main-content-cols img-left larger-grid\">\n<div class=\"is-layout-flow wp-block-column\">\n<figure class=\"wp-block-image size-large\"><img decoding=\"async\" loading=\"lazy\" width=\"1024\" height=\"681\" src=\"https:\/\/i0.wp.com\/www.cityloftdijon.fr\/wp-content\/uploads\/\/musee-archeo.jpg?resize=1024%2C681&#038;ssl=1\" alt=\"R\u00e9sidence - City Loft - Dijon - Mus\u00e9e arch\u00e9o\" class=\"wp-image-978\" srcset=\"https:\/\/i0.wp.com\/www.cityloftdijon.fr\/wp-content\/uploads\/musee-archeo-scaled.jpg?resize=1024%2C681&amp;ssl=1 1024w, https:\/\/i0.wp.com\/www.cityloftdijon.fr\/wp-content\/uploads\/musee-archeo-scaled.jpg?resize=300%2C199&amp;ssl=1 300w, https:\/\/i0.wp.com\/www.cityloftdijon.fr\/wp-content\/uploads\/musee-archeo-scaled.jpg?resize=768%2C511&amp;ssl=1 768w, https:\/\/i0.wp.com\/www.cityloftdijon.fr\/wp-content\/uploads\/musee-archeo-scaled.jpg?resize=1536%2C1021&amp;ssl=1 1536w, https:\/\/i0.wp.com\/www.cityloftdijon.fr\/wp-content\/uploads\/musee-archeo-scaled.jpg?resize=2048%2C1362&amp;ssl=1 2048w, https:\/\/i0.wp.com\/www.cityloftdijon.fr\/wp-content\/uploads\/musee-archeo-scaled.jpg?w=2560&amp;ssl=1 2560w\" sizes=\"(max-width: 1024px) 100vw, 1024px\" data-recalc-dims=\"1\" \/><\/figure>\n<\/div>\n\n\n\n<div class=\"is-layout-flow wp-block-column is-vertically-aligned-center col-text\">\n<h2>Le mus\u00e9e arch\u00e9ologique<\/h2>\n\n\n\n<p>Install\u00e9 dans l\u2019aile principale de l\u2019ancienne <strong>abbaye de Saint B\u00e9nigne<\/strong>,<strong> le mus\u00e9e arch\u00e9ologique<\/strong> retrace les preuves de la vie humaine en Bourgogne, de la Pr\u00e9histoire au Moyen-\u00c2ge. Un parcours vous est propos\u00e9 afin de d\u00e9couvrir les oeuvres phares du patrimoine bourguignon.<\/p>\n<\/div>\n<\/div>\n\n\n\n<div class=\"is-layout-flex wp-container-17 wp-block-columns alignfull main-content-cols img-right larger-grid\">\n<div class=\"is-layout-flow wp-block-column\">\n<figure class=\"wp-block-image size-large\"><img decoding=\"async\" loading=\"lazy\" width=\"1024\" height=\"686\" src=\"https:\/\/i0.wp.com\/www.cityloftdijon.fr\/wp-content\/uploads\/\/magnin2.jpg?resize=1024%2C686&#038;ssl=1\" alt=\"R\u00e9sidence - City Loft - Dijon - Mus\u00e9e magnin\" class=\"wp-image-982\" srcset=\"https:\/\/i0.wp.com\/www.cityloftdijon.fr\/wp-content\/uploads\/magnin2.jpg?resize=1024%2C686&amp;ssl=1 1024w, https:\/\/i0.wp.com\/www.cityloftdijon.fr\/wp-content\/uploads\/magnin2.jpg?resize=300%2C201&amp;ssl=1 300w, https:\/\/i0.wp.com\/www.cityloftdijon.fr\/wp-content\/uploads\/magnin2.jpg?resize=768%2C515&amp;ssl=1 768w, https:\/\/i0.wp.com\/www.cityloftdijon.fr\/wp-content\/uploads\/magnin2.jpg?resize=1536%2C1029&amp;ssl=1 1536w, https:\/\/i0.wp.com\/www.cityloftdijon.fr\/wp-content\/uploads\/magnin2.jpg?resize=2048%2C1372&amp;ssl=1 2048w\" sizes=\"(max-width: 1024px) 100vw, 1024px\" data-recalc-dims=\"1\" \/><\/figure>\n<\/div>\n\n\n\n<div class=\"is-layout-flow wp-block-column is-vertically-aligned-center col-text\">\n<h2>Le mus\u00e9e Magnin<\/h2>\n\n\n\n<p>Au c\u0153ur de l\u2019h\u00f4tel particulier Lantin se trouve <strong>le mus\u00e9e Magnin<\/strong>. Le mus\u00e9e voit le jour gr\u00e2ce aux souhaits de Maurice et Jeanne Magnin, collectionneurs passionn\u00e9s, qui souhaitent exposer leurs trouvailles dans la b\u00e2tisse. <\/p>\n\n\n\n<p>Le mus\u00e9e ouvre ses portes en 1938, dans l\u2019esprit d\u2019un cabinet d\u2019amateur, et rassemble des oeuvres fran\u00e7aises, nordiques et italiennes, allant du 16 au 19\u00e8me si\u00e8cle.<\/p>\n<\/div>\n<\/div>\n","protected":false},"excerpt":{"rendered":"<p>Les lieux incontournables de Dijon D\u00e9couvrez les lieux incontournables de la ville de Dijon. Partez \u00e0 la d\u00e9couverte du parcours de la chouette, du Palais des Ducs et la Tour Philippe. Vous aurez un tr\u00e8s bel aper\u00e7u du patrimoine et des richesses de Dijon. Le parcours de la Chouette Ce parcours embl\u00e9matique vous permet lors [&hellip;]<\/p>\n","protected":false},"author":2,"featured_media":0,"parent":2158,"menu_order":0,"comment_status":"closed","ping_status":"closed","template":"","meta":[],"yoast_head":"<!-- This site is optimized with the Yoast SEO plugin v21.1 - https:\/\/yoast.com\/wordpress\/plugins\/seo\/ -->\n<title>Places not to be missed in Dijon - City Loft Dijon<\/title>\n<meta name=\"description\" content=\"Discover the must-see places in Dijon during your stay at City Loft. The Owl Trail, the Palace of the Dukes of Burgundy...\" \/>\n<meta name=\"robots\" content=\"index, follow, max-snippet:-1, max-image-preview:large, max-video-preview:-1\" \/>\n<link rel=\"canonical\" href=\"https:\/\/www.cityloftdijon.fr\/en\/city-guide-of-dijon\/places-not-to-be-missed-in-dijon\/\" \/>\n<meta property=\"og:locale\" content=\"en_US\" \/>\n<meta property=\"og:type\" content=\"article\" \/>\n<meta property=\"og:title\" content=\"Places not to be missed in Dijon - City Loft Dijon\" \/>\n<meta property=\"og:description\" content=\"Discover the must-see places in Dijon during your stay at City Loft. The Owl Trail, the Palace of the Dukes of Burgundy...\" \/>\n<meta property=\"og:url\" content=\"https:\/\/www.cityloftdijon.fr\/en\/city-guide-of-dijon\/places-not-to-be-missed-in-dijon\/\" \/>\n<meta property=\"og:site_name\" content=\"City Loft Dijon\" \/>\n<meta property=\"article:publisher\" content=\"https:\/\/www.facebook.com\/H%c3%b4tel-City-loft-145636705484875\/\" \/>\n<meta property=\"article:modified_time\" content=\"2021-11-23T14:00:26+00:00\" \/>\n<meta property=\"og:image\" content=\"https:\/\/www.cityloftdijon.fr\/wp-content\/uploads\/\/parcours-chouette-1024x894.jpg\" \/>\n<meta name=\"twitter:card\" content=\"summary_large_image\" \/>\n<meta name=\"twitter:label1\" content=\"Est. reading time\" \/>\n\t<meta name=\"twitter:data1\" content=\"3 minutes\" \/>\n<script type=\"application\/ld+json\" class=\"yoast-schema-graph\">{\"@context\":\"https:\/\/schema.org\",\"@graph\":[{\"@type\":\"WebPage\",\"@id\":\"https:\/\/www.cityloftdijon.fr\/en\/city-guide-of-dijon\/places-not-to-be-missed-in-dijon\/\",\"url\":\"https:\/\/www.cityloftdijon.fr\/en\/city-guide-of-dijon\/places-not-to-be-missed-in-dijon\/\",\"name\":\"Places not to be missed in Dijon - City Loft Dijon\",\"isPartOf\":{\"@id\":\"https:\/\/www.cityloftdijon.fr\/en\/#website\"},\"datePublished\":\"2021-11-23T13:19:11+00:00\",\"dateModified\":\"2021-11-23T14:00:26+00:00\",\"description\":\"Discover the must-see places in Dijon during your stay at City Loft. The Owl Trail, the Palace of the Dukes of Burgundy...\",\"breadcrumb\":{\"@id\":\"https:\/\/www.cityloftdijon.fr\/en\/city-guide-of-dijon\/places-not-to-be-missed-in-dijon\/#breadcrumb\"},\"inLanguage\":\"en-US\",\"potentialAction\":[{\"@type\":\"ReadAction\",\"target\":[\"https:\/\/www.cityloftdijon.fr\/en\/city-guide-of-dijon\/places-not-to-be-missed-in-dijon\/\"]}]},{\"@type\":\"BreadcrumbList\",\"@id\":\"https:\/\/www.cityloftdijon.fr\/en\/city-guide-of-dijon\/places-not-to-be-missed-in-dijon\/#breadcrumb\",\"itemListElement\":[{\"@type\":\"ListItem\",\"position\":1,\"name\":\"Home\",\"item\":\"https:\/\/www.cityloftdijon.fr\/en\/\"},{\"@type\":\"ListItem\",\"position\":2,\"name\":\"City guide of Dijon\",\"item\":\"https:\/\/www.cityloftdijon.fr\/en\/city-guide-of-dijon\/\"},{\"@type\":\"ListItem\",\"position\":3,\"name\":\"Places not to be missed in Dijon\"}]},{\"@type\":\"WebSite\",\"@id\":\"https:\/\/www.cityloftdijon.fr\/en\/#website\",\"url\":\"https:\/\/www.cityloftdijon.fr\/en\/\",\"name\":\"City Loft Dijon\",\"description\":\"\",\"publisher\":{\"@id\":\"https:\/\/www.cityloftdijon.fr\/en\/#organization\"},\"potentialAction\":[{\"@type\":\"SearchAction\",\"target\":{\"@type\":\"EntryPoint\",\"urlTemplate\":\"https:\/\/www.cityloftdijon.fr\/en\/?s={search_term_string}\"},\"query-input\":\"required name=search_term_string\"}],\"inLanguage\":\"en-US\"},{\"@type\":\"Organization\",\"@id\":\"https:\/\/www.cityloftdijon.fr\/en\/#organization\",\"name\":\"City Loft Dijon\",\"url\":\"https:\/\/www.cityloftdijon.fr\/en\/\",\"logo\":{\"@type\":\"ImageObject\",\"inLanguage\":\"en-US\",\"@id\":\"https:\/\/www.cityloftdijon.fr\/en\/#\/schema\/logo\/image\/\",\"url\":\"https:\/\/i0.wp.com\/www.cityloftdijon.fr\/wp-content\/uploads\/logo-cityloft.png?fit=280%2C265&ssl=1\",\"contentUrl\":\"https:\/\/i0.wp.com\/www.cityloftdijon.fr\/wp-content\/uploads\/logo-cityloft.png?fit=280%2C265&ssl=1\",\"width\":280,\"height\":265,\"caption\":\"City Loft Dijon\"},\"image\":{\"@id\":\"https:\/\/www.cityloftdijon.fr\/en\/#\/schema\/logo\/image\/\"},\"sameAs\":[\"https:\/\/www.facebook.com\/H\u00f4tel-City-loft-145636705484875\/\",\"https:\/\/www.instagram.com\/cityloftdijon\/\"]}]}<\/script>\n<!-- \/ Yoast SEO plugin. -->","yoast_head_json":{"title":"Places not to be missed in Dijon - City Loft Dijon","description":"Discover the must-see places in Dijon during your stay at City Loft. The Owl Trail, the Palace of the Dukes of Burgundy...","robots":{"index":"index","follow":"follow","max-snippet":"max-snippet:-1","max-image-preview":"max-image-preview:large","max-video-preview":"max-video-preview:-1"},"canonical":"https:\/\/www.cityloftdijon.fr\/en\/city-guide-of-dijon\/places-not-to-be-missed-in-dijon\/","og_locale":"en_US","og_type":"article","og_title":"Places not to be missed in Dijon - City Loft Dijon","og_description":"Discover the must-see places in Dijon during your stay at City Loft. The Owl Trail, the Palace of the Dukes of Burgundy...","og_url":"https:\/\/www.cityloftdijon.fr\/en\/city-guide-of-dijon\/places-not-to-be-missed-in-dijon\/","og_site_name":"City Loft Dijon","article_publisher":"https:\/\/www.facebook.com\/H%c3%b4tel-City-loft-145636705484875\/","article_modified_time":"2021-11-23T14:00:26+00:00","og_image":[{"url":"https:\/\/www.cityloftdijon.fr\/wp-content\/uploads\/\/parcours-chouette-1024x894.jpg"}],"twitter_card":"summary_large_image","twitter_misc":{"Est. reading time":"3 minutes"},"schema":{"@context":"https:\/\/schema.org","@graph":[{"@type":"WebPage","@id":"https:\/\/www.cityloftdijon.fr\/en\/city-guide-of-dijon\/places-not-to-be-missed-in-dijon\/","url":"https:\/\/www.cityloftdijon.fr\/en\/city-guide-of-dijon\/places-not-to-be-missed-in-dijon\/","name":"Places not to be missed in Dijon - City Loft Dijon","isPartOf":{"@id":"https:\/\/www.cityloftdijon.fr\/en\/#website"},"datePublished":"2021-11-23T13:19:11+00:00","dateModified":"2021-11-23T14:00:26+00:00","description":"Discover the must-see places in Dijon during your stay at City Loft. The Owl Trail, the Palace of the Dukes of Burgundy...","breadcrumb":{"@id":"https:\/\/www.cityloftdijon.fr\/en\/city-guide-of-dijon\/places-not-to-be-missed-in-dijon\/#breadcrumb"},"inLanguage":"en-US","potentialAction":[{"@type":"ReadAction","target":["https:\/\/www.cityloftdijon.fr\/en\/city-guide-of-dijon\/places-not-to-be-missed-in-dijon\/"]}]},{"@type":"BreadcrumbList","@id":"https:\/\/www.cityloftdijon.fr\/en\/city-guide-of-dijon\/places-not-to-be-missed-in-dijon\/#breadcrumb","itemListElement":[{"@type":"ListItem","position":1,"name":"Home","item":"https:\/\/www.cityloftdijon.fr\/en\/"},{"@type":"ListItem","position":2,"name":"City guide of Dijon","item":"https:\/\/www.cityloftdijon.fr\/en\/city-guide-of-dijon\/"},{"@type":"ListItem","position":3,"name":"Places not to be missed in Dijon"}]},{"@type":"WebSite","@id":"https:\/\/www.cityloftdijon.fr\/en\/#website","url":"https:\/\/www.cityloftdijon.fr\/en\/","name":"City Loft Dijon","description":"","publisher":{"@id":"https:\/\/www.cityloftdijon.fr\/en\/#organization"},"potentialAction":[{"@type":"SearchAction","target":{"@type":"EntryPoint","urlTemplate":"https:\/\/www.cityloftdijon.fr\/en\/?s={search_term_string}"},"query-input":"required name=search_term_string"}],"inLanguage":"en-US"},{"@type":"Organization","@id":"https:\/\/www.cityloftdijon.fr\/en\/#organization","name":"City Loft Dijon","url":"https:\/\/www.cityloftdijon.fr\/en\/","logo":{"@type":"ImageObject","inLanguage":"en-US","@id":"https:\/\/www.cityloftdijon.fr\/en\/#\/schema\/logo\/image\/","url":"https:\/\/i0.wp.com\/www.cityloftdijon.fr\/wp-content\/uploads\/logo-cityloft.png?fit=280%2C265&ssl=1","contentUrl":"https:\/\/i0.wp.com\/www.cityloftdijon.fr\/wp-content\/uploads\/logo-cityloft.png?fit=280%2C265&ssl=1","width":280,"height":265,"caption":"City Loft Dijon"},"image":{"@id":"https:\/\/www.cityloftdijon.fr\/en\/#\/schema\/logo\/image\/"},"sameAs":["https:\/\/www.facebook.com\/H\u00f4tel-City-loft-145636705484875\/","https:\/\/www.instagram.com\/cityloftdijon\/"]}]}},"_links":{"self":[{"href":"https:\/\/www.cityloftdijon.fr\/en\/wp-json\/wp\/v2\/pages\/2164"}],"collection":[{"href":"https:\/\/www.cityloftdijon.fr\/en\/wp-json\/wp\/v2\/pages"}],"about":[{"href":"https:\/\/www.cityloftdijon.fr\/en\/wp-json\/wp\/v2\/types\/page"}],"author":[{"embeddable":true,"href":"https:\/\/www.cityloftdijon.fr\/en\/wp-json\/wp\/v2\/users\/2"}],"replies":[{"embeddable":true,"href":"https:\/\/www.cityloftdijon.fr\/en\/wp-json\/wp\/v2\/comments?post=2164"}],"version-history":[{"count":2,"href":"https:\/\/www.cityloftdijon.fr\/en\/wp-json\/wp\/v2\/pages\/2164\/revisions"}],"predecessor-version":[{"id":2663,"href":"https:\/\/www.cityloftdijon.fr\/en\/wp-json\/wp\/v2\/pages\/2164\/revisions\/2663"}],"up":[{"embeddable":true,"href":"https:\/\/www.cityloftdijon.fr\/en\/wp-json\/wp\/v2\/pages\/2158"}],"wp:attachment":[{"href":"https:\/\/www.cityloftdijon.fr\/en\/wp-json\/wp\/v2\/media?parent=2164"}],"curies":[{"name":"wp","href":"https:\/\/api.w.org\/{rel}","templated":true}]}}