{"id":2628,"date":"2021-08-03T10:22:39","date_gmt":"2021-08-03T08:22:39","guid":{"rendered":"http:\/\/87.98.162.226\/contact-acces\/"},"modified":"2021-12-10T17:11:07","modified_gmt":"2021-12-10T16:11:07","slug":"contact-acces","status":"publish","type":"page","link":"https:\/\/www.cityloftdijon.fr\/es\/contact-acces\/","title":{"rendered":"Contacto &#038; Acceso"},"content":{"rendered":"\n<div class=\"is-layout-flow wp-block-group home-intro\"><div class=\"wp-block-group__inner-container\"><\/div><\/div>\n\n\n\n<div class=\"is-layout-flex wp-container-5 wp-block-columns\">\n<div class=\"is-layout-flow wp-block-column contact-infos\">\n<p class=\"contact-info\"><i class=\"ludi-icon-map-marker fa-fw\"><\/i> 96 rue des Godrans, 21000 Dijon<\/p>\n<\/div>\n\n\n\n<div class=\"is-layout-flow wp-block-column contact-infos\">\n<p class=\"contact-info\"><i class=\"ludi-icon-phone fa-fw\"><\/i> <a href=\"tel:+33380542754\">03 80 54 27 54<\/a><\/p>\n<\/div>\n\n\n\n<div class=\"is-layout-flow wp-block-column contact-infos\">\n<p class=\"contact-info\"><i class=\"ludi-icon-envelope fa-fw\"><\/i> <a href=\"mailto:resa@cityloftdijon.fr\">resa@cityloftdijon.fr<\/a><\/p>\n<\/div>\n<\/div>\n\n\n\n<div class=\"is-layout-flex wp-container-8 wp-block-columns alignfull main-content-cols img-left larger-grid\">\n<div class=\"is-layout-flow wp-block-column\">\n<figure class=\"wp-block-image size-large\"><img decoding=\"async\" loading=\"lazy\" width=\"1024\" height=\"965\" src=\"https:\/\/i0.wp.com\/www.cityloftdijon.fr\/wp-content\/uploads\/\/residence-city-loft-dijon-facade.jpg?resize=1024%2C965&#038;ssl=1\" alt=\"R\u00e9sidence - City Loft - Dijon - Fa\u00e7ade\" class=\"wp-image-3128\" srcset=\"https:\/\/i0.wp.com\/www.cityloftdijon.fr\/wp-content\/uploads\/residence-city-loft-dijon-facade.jpg?resize=1024%2C965&amp;ssl=1 1024w, https:\/\/i0.wp.com\/www.cityloftdijon.fr\/wp-content\/uploads\/residence-city-loft-dijon-facade.jpg?resize=300%2C283&amp;ssl=1 300w, https:\/\/i0.wp.com\/www.cityloftdijon.fr\/wp-content\/uploads\/residence-city-loft-dijon-facade.jpg?resize=768%2C723&amp;ssl=1 768w, https:\/\/i0.wp.com\/www.cityloftdijon.fr\/wp-content\/uploads\/residence-city-loft-dijon-facade.jpg?w=1500&amp;ssl=1 1500w\" sizes=\"(max-width: 1024px) 100vw, 1024px\" data-recalc-dims=\"1\" \/><\/figure>\n<\/div>\n\n\n\n<div class=\"is-layout-flow wp-block-column col-text contact-infos\">\n<figure class=\"wp-block-image size-full\"><img decoding=\"async\" src=\"https:\/\/www.cityloftdijon.fr\/wp-content\/uploads\/contact-email.svg\" alt=\"\" class=\"wp-image-3126\"\/><\/figure>\n\n\n\n<h2>Contactarnos<\/h2>\n\n\n\n<p class=\"has-black-color has-text-color\">La recepci\u00f3n est\u00e1 abierta de 7:00 a 13:00 horas y de 15:00 a 23:00 horas. Responderemos a su solicitud lo antes posible.<\/p>\n\n\n\n<p>Todo el equipo de City Loft Dijon est\u00e1 a su disposici\u00f3n para responder a sus preguntas y ayudarlo a organizar su estad\u00eda.<\/p>\n\n\n\n<p>Una pregunta ? \u00bfUna solicitud espec\u00edfica? \u00a1Utilice nuestro formulario de contacto e ingrese sus datos para facilitar nuestros intercambios!<\/p>\n\n\n\n<div class=\"wpcf7 no-js\" id=\"wpcf7-f5-o1\" lang=\"fr-FR\" dir=\"ltr\">\n<div class=\"screen-reader-response\"><p role=\"status\" aria-live=\"polite\" aria-atomic=\"true\"><\/p> <ul><\/ul><\/div>\n<form action=\"\/es\/wp-json\/wp\/v2\/pages\/2628#wpcf7-f5-o1\" method=\"post\" class=\"wpcf7-form init\" aria-label=\"Formulaire de contact\" novalidate=\"novalidate\" data-status=\"init\">\n<div style=\"display: none;\">\n<input type=\"hidden\" name=\"_wpcf7\" value=\"5\" \/>\n<input type=\"hidden\" name=\"_wpcf7_version\" value=\"5.7.7\" \/>\n<input type=\"hidden\" name=\"_wpcf7_locale\" value=\"fr_FR\" \/>\n<input type=\"hidden\" name=\"_wpcf7_unit_tag\" value=\"wpcf7-f5-o1\" \/>\n<input type=\"hidden\" name=\"_wpcf7_container_post\" value=\"0\" \/>\n<input type=\"hidden\" name=\"_wpcf7_posted_data_hash\" value=\"\" \/>\n<input type=\"hidden\" name=\"_wpcf7_recaptcha_response\" value=\"\" \/>\n<\/div>\n<div class=\"row\">\n\t<div class=\"col-12 col-md-6\">\n\t\t<div class=\"form-group\">\n\t\t\t<p><span class=\"wpcf7-form-control-wrap\" data-name=\"your-name\"><input size=\"40\" class=\"wpcf7-form-control wpcf7-text wpcf7-validates-as-required form-control\" aria-required=\"true\" aria-invalid=\"false\" placeholder=\"Votre nom *\" value=\"\" type=\"text\" name=\"your-name\" \/><\/span>\n\t\t\t<\/p>\n\t\t<\/div>\n\t<\/div>\n\t<div class=\"col-12 col-md-6\">\n\t\t<div class=\"form-group\">\n\t\t\t<p><span class=\"wpcf7-form-control-wrap\" data-name=\"your-firstname\"><input size=\"40\" class=\"wpcf7-form-control wpcf7-text wpcf7-validates-as-required form-control\" aria-required=\"true\" aria-invalid=\"false\" placeholder=\"Votre pr\u00e9nom *\" value=\"\" type=\"text\" name=\"your-firstname\" \/><\/span>\n\t\t\t<\/p>\n\t\t<\/div>\n\t<\/div>\n<\/div>\n<div class=\"row\">\n\t<div class=\"col-12 col-md-6\">\n\t\t<div class=\"form-group\">\n\t\t\t<p><span class=\"wpcf7-form-control-wrap\" data-name=\"your-email\"><input size=\"40\" class=\"wpcf7-form-control wpcf7-text wpcf7-email wpcf7-validates-as-required wpcf7-validates-as-email form-control\" aria-required=\"true\" aria-invalid=\"false\" placeholder=\"Votre email *\" value=\"\" type=\"email\" name=\"your-email\" \/><\/span>\n\t\t\t<\/p>\n\t\t<\/div>\n\t<\/div>\n\t<div class=\"col-12 col-md-6\">\n\t\t<div class=\"form-group\">\n\t\t\t<p><span class=\"wpcf7-form-control-wrap\" data-name=\"your-phone\"><input size=\"40\" class=\"wpcf7-form-control wpcf7-text wpcf7-tel wpcf7-validates-as-required wpcf7-validates-as-tel form-control\" aria-required=\"true\" aria-invalid=\"false\" placeholder=\"Votre t\u00e9l\u00e9phone *\" value=\"\" type=\"tel\" name=\"your-phone\" \/><\/span>\n\t\t\t<\/p>\n\t\t<\/div>\n\t<\/div>\n<\/div>\n<div class=\"row\">\n\t<div class=\"col\">\n\t\t<div class=\"form-group\">\n\t\t\t<p><span class=\"wpcf7-form-control-wrap\" data-name=\"your-subject\"><select class=\"wpcf7-form-control wpcf7-select wpcf7-validates-as-required form-control\" aria-required=\"true\" aria-invalid=\"false\" name=\"your-subject\"><option value=\"Demande d&#039;informations g\u00e9n\u00e9rale\">Demande d&#039;informations g\u00e9n\u00e9rale<\/option><option value=\"Demande concernant une r\u00e9servation\">Demande concernant une r\u00e9servation<\/option><option value=\"Candidature spontan\u00e9e\">Candidature spontan\u00e9e<\/option><option value=\"Autre demande\">Autre demande<\/option><\/select><\/span>\n\t\t\t<\/p>\n\t\t<\/div>\n\t<\/div>\n<\/div>\n<div class=\"row\">\n\t<div class=\"col contact_message\">\n\t\t<div class=\"form-group\">\n\t\t\t<p><span class=\"wpcf7-form-control-wrap\" data-name=\"message\"><textarea cols=\"40\" rows=\"10\" class=\"wpcf7-form-control wpcf7-textarea wpcf7-validates-as-required form-control\" aria-required=\"true\" aria-invalid=\"false\" placeholder=\"Votre Message *\" name=\"message\"><\/textarea><\/span>\n\t\t\t<\/p>\n\t\t<\/div>\n\t<\/div>\n<\/div>\n<div class=\"row\">\n\t<div class=\"col\">\n\t\t<div class=\"form-group\">\n\t\t\t<p><span class=\"wpcf7-form-control-wrap\" data-name=\"checkbox-337\"><span class=\"wpcf7-form-control wpcf7-checkbox wpcf7-validates-as-required\"><span class=\"wpcf7-list-item first last\"><label><input type=\"checkbox\" name=\"checkbox-337[]\" value=\"En soumettant ce formulaire, j&#039;accepte que les informations saisies soient utilis\u00e9es pour permettre \u00e0 l&#039;h\u00f4tel de me recontacter\" \/><span class=\"wpcf7-list-item-label\">En soumettant ce formulaire, j&#039;accepte que les informations saisies soient utilis\u00e9es pour permettre \u00e0 l&#039;h\u00f4tel de me recontacter<\/span><\/label><\/span><\/span><\/span>\n\t\t\t<\/p>\n\t\t<\/div>\n\t<\/div>\n<\/div>\n<div class=\"row\">\n\t<div class=\"col\">\n\t\t<div class=\"form-group\">\n\t\t\t<p><input class=\"wpcf7-form-control has-spinner wpcf7-submit form-control\" type=\"submit\" value=\"Envoyer votre demande\" \/>\n\t\t\t<\/p>\n\t\t<\/div>\n\t<\/div>\n<\/div><div class=\"wpcf7-response-output\" aria-hidden=\"true\"><\/div>\n<\/form>\n<\/div>\n\n\n\n\n<p class=\"contact-legal\">Protection par&nbsp;reCAPTCHA. <a href=\"https:\/\/policies.google.com\/privacy\" target=\"_blank\" rel=\"noreferrer noopener\">Confidentialit\u00e9<\/a> &#8211; <a href=\"https:\/\/policies.google.com\/terms\" target=\"_blank\" rel=\"noreferrer noopener\">Conditions<\/a><\/p>\n<\/div>\n<\/div>\n\n\n\n<div class=\"is-layout-flex wp-container-12 wp-block-columns alignfull main-content-cols img-right larger-grid\">\n<div class=\"is-layout-flow wp-block-column\">\n<figure class=\"wp-block-image size-large\"><img decoding=\"async\" loading=\"lazy\" width=\"1024\" height=\"682\" src=\"https:\/\/i0.wp.com\/www.cityloftdijon.fr\/wp-content\/uploads\/\/residence-city-loft-dijon-quartier.jpg?resize=1024%2C682&#038;ssl=1\" alt=\"\" class=\"wp-image-2867\" srcset=\"https:\/\/i0.wp.com\/www.cityloftdijon.fr\/wp-content\/uploads\/residence-city-loft-dijon-quartier.jpg?resize=1024%2C682&amp;ssl=1 1024w, https:\/\/i0.wp.com\/www.cityloftdijon.fr\/wp-content\/uploads\/residence-city-loft-dijon-quartier.jpg?resize=300%2C200&amp;ssl=1 300w, https:\/\/i0.wp.com\/www.cityloftdijon.fr\/wp-content\/uploads\/residence-city-loft-dijon-quartier.jpg?resize=768%2C512&amp;ssl=1 768w, https:\/\/i0.wp.com\/www.cityloftdijon.fr\/wp-content\/uploads\/residence-city-loft-dijon-quartier.jpg?resize=1536%2C1024&amp;ssl=1 1536w, https:\/\/i0.wp.com\/www.cityloftdijon.fr\/wp-content\/uploads\/residence-city-loft-dijon-quartier.jpg?w=2000&amp;ssl=1 2000w\" sizes=\"(max-width: 1024px) 100vw, 1024px\" data-recalc-dims=\"1\" \/><\/figure>\n<\/div>\n\n\n\n<div class=\"is-layout-flow wp-block-column col-text\">\n<figure class=\"wp-block-image size-full\"><img decoding=\"async\" src=\"https:\/\/www.cityloftdijon.fr\/wp-content\/uploads\/boussole.svg\" alt=\"\" class=\"wp-image-3127\"\/><\/figure>\n\n\n\n<h2>Venir a Dijon<\/h2>\n\n\n\n<h3>En tren<\/h3>\n\n\n\n<p>La estaci\u00f3n de tren SNCF de Dijon se encuentra a menos de 1 km del hotel. Puede llegar a nuestro establecimiento a pie o ponerse en contacto con un taxi.<\/p>\n\n\n\n<p>Paris se encuentra a 1h30, Lille a 3h, Zurich a 2h30.<\/p>\n\n\n\n<h3>En coche<\/h3>\n\n\n\n<p>Dijon est\u00e1 a 3 horas de Par\u00eds por la A6, a menos de 5 horas de Lille y B\u00e9lgica (A26), a menos de 3 horas de Metz y Luxemburgo por la A31 y Suiza (A40 \/ A39).<\/p>\n\n\n\n<p>Para su aparcamiento, el aparcamiento Dauphine est\u00e1 a 1 minuto a pie y el aparcamiento Grangier est\u00e1 a 2 minutos a pie del hotel. Estos dos aparcamientos subterr\u00e1neos cuestan alrededor de 10 \u20ac por 24 horas.<\/p>\n\n\n\n<div class=\"is-layout-flex wp-block-buttons\">\n<div class=\"wp-block-button is-style-fill\"><a class=\"wp-block-button__link has-mustard-color has-white-background-color has-text-color has-background\" href=\"https:\/\/www.google.com\/maps\/place\/City+Loft\/@47.3262098,5.034784,15.79z\/data=!4m8!3m7!1s0x47f29debdbd3e16d:0x5f392f3372f65aa7!5m2!4m1!1i2!8m2!3d47.322626!4d5.038121\" target=\"_blank\" rel=\"noreferrer noopener\">Ver en Google Maps <\/a><\/div>\n<\/div>\n<\/div>\n<\/div>\n","protected":false},"excerpt":{"rendered":"<p>96 rue des Godrans, 21000 Dijon 03 80 54 27 54 resa@cityloftdijon.fr Contactarnos La recepci\u00f3n est\u00e1 abierta de 7:00 a 13:00 horas y de 15:00 a 23:00 horas. Responderemos a su solicitud lo antes posible. Todo el equipo de City Loft Dijon est\u00e1 a su disposici\u00f3n para responder a sus preguntas y ayudarlo a organizar [&hellip;]<\/p>\n","protected":false},"author":1,"featured_media":0,"parent":0,"menu_order":0,"comment_status":"closed","ping_status":"closed","template":"","meta":[],"yoast_head":"<!-- This site is optimized with the Yoast SEO plugin v21.1 - https:\/\/yoast.com\/wordpress\/plugins\/seo\/ -->\n<title>Contacto &amp; Acceso - City Loft Dijon<\/title>\n<meta name=\"description\" content=\"R\u00e9sidence City Loft, au c\u0153ur de Dijon, en Bourgogne, \u00e0 deux pas du quartier historique. Meilleur tarif garanti sur notre site !\" \/>\n<meta name=\"robots\" content=\"index, follow, max-snippet:-1, max-image-preview:large, max-video-preview:-1\" \/>\n<link rel=\"canonical\" href=\"https:\/\/www.cityloftdijon.fr\/es\/contact-acces\/\" \/>\n<meta property=\"og:locale\" content=\"es_ES\" \/>\n<meta property=\"og:type\" content=\"article\" \/>\n<meta property=\"og:title\" content=\"Contacto &amp; Acceso - City Loft Dijon\" \/>\n<meta property=\"og:description\" content=\"R\u00e9sidence City Loft, au c\u0153ur de Dijon, en Bourgogne, \u00e0 deux pas du quartier historique. Meilleur tarif garanti sur notre site !\" \/>\n<meta property=\"og:url\" content=\"https:\/\/www.cityloftdijon.fr\/es\/contact-acces\/\" \/>\n<meta property=\"og:site_name\" content=\"City Loft Dijon\" \/>\n<meta property=\"article:publisher\" content=\"https:\/\/www.facebook.com\/H%c3%b4tel-City-loft-145636705484875\/\" \/>\n<meta property=\"article:modified_time\" content=\"2021-12-10T16:11:07+00:00\" \/>\n<meta property=\"og:image\" content=\"https:\/\/www.cityloftdijon.fr\/wp-content\/uploads\/\/residence-city-loft-dijon-facade-1024x965.jpg\" \/>\n<meta name=\"twitter:card\" content=\"summary_large_image\" \/>\n<meta name=\"twitter:label1\" content=\"Tiempo de lectura\" \/>\n\t<meta name=\"twitter:data1\" content=\"2 minutos\" \/>\n<script type=\"application\/ld+json\" class=\"yoast-schema-graph\">{\"@context\":\"https:\/\/schema.org\",\"@graph\":[{\"@type\":\"WebPage\",\"@id\":\"https:\/\/www.cityloftdijon.fr\/es\/contact-acces\/\",\"url\":\"https:\/\/www.cityloftdijon.fr\/es\/contact-acces\/\",\"name\":\"Contacto & Acceso - City Loft Dijon\",\"isPartOf\":{\"@id\":\"https:\/\/www.cityloftdijon.fr\/es\/#website\"},\"datePublished\":\"2021-08-03T08:22:39+00:00\",\"dateModified\":\"2021-12-10T16:11:07+00:00\",\"description\":\"R\u00e9sidence City Loft, au c\u0153ur de Dijon, en Bourgogne, \u00e0 deux pas du quartier historique. Meilleur tarif garanti sur notre site !\",\"breadcrumb\":{\"@id\":\"https:\/\/www.cityloftdijon.fr\/es\/contact-acces\/#breadcrumb\"},\"inLanguage\":\"es\",\"potentialAction\":[{\"@type\":\"ReadAction\",\"target\":[\"https:\/\/www.cityloftdijon.fr\/es\/contact-acces\/\"]}]},{\"@type\":\"BreadcrumbList\",\"@id\":\"https:\/\/www.cityloftdijon.fr\/es\/contact-acces\/#breadcrumb\",\"itemListElement\":[{\"@type\":\"ListItem\",\"position\":1,\"name\":\"Home\",\"item\":\"https:\/\/www.cityloftdijon.fr\/es\/\"},{\"@type\":\"ListItem\",\"position\":2,\"name\":\"Contacto &#038; Acceso\"}]},{\"@type\":\"WebSite\",\"@id\":\"https:\/\/www.cityloftdijon.fr\/es\/#website\",\"url\":\"https:\/\/www.cityloftdijon.fr\/es\/\",\"name\":\"City Loft Dijon\",\"description\":\"\",\"publisher\":{\"@id\":\"https:\/\/www.cityloftdijon.fr\/es\/#organization\"},\"potentialAction\":[{\"@type\":\"SearchAction\",\"target\":{\"@type\":\"EntryPoint\",\"urlTemplate\":\"https:\/\/www.cityloftdijon.fr\/es\/?s={search_term_string}\"},\"query-input\":\"required name=search_term_string\"}],\"inLanguage\":\"es\"},{\"@type\":\"Organization\",\"@id\":\"https:\/\/www.cityloftdijon.fr\/es\/#organization\",\"name\":\"City Loft Dijon\",\"url\":\"https:\/\/www.cityloftdijon.fr\/es\/\",\"logo\":{\"@type\":\"ImageObject\",\"inLanguage\":\"es\",\"@id\":\"https:\/\/www.cityloftdijon.fr\/es\/#\/schema\/logo\/image\/\",\"url\":\"https:\/\/i0.wp.com\/www.cityloftdijon.fr\/wp-content\/uploads\/logo-cityloft.png?fit=280%2C265&ssl=1\",\"contentUrl\":\"https:\/\/i0.wp.com\/www.cityloftdijon.fr\/wp-content\/uploads\/logo-cityloft.png?fit=280%2C265&ssl=1\",\"width\":280,\"height\":265,\"caption\":\"City Loft Dijon\"},\"image\":{\"@id\":\"https:\/\/www.cityloftdijon.fr\/es\/#\/schema\/logo\/image\/\"},\"sameAs\":[\"https:\/\/www.facebook.com\/H\u00f4tel-City-loft-145636705484875\/\",\"https:\/\/www.instagram.com\/cityloftdijon\/\"]}]}<\/script>\n<!-- \/ Yoast SEO plugin. -->","yoast_head_json":{"title":"Contacto & Acceso - City Loft Dijon","description":"R\u00e9sidence City Loft, au c\u0153ur de Dijon, en Bourgogne, \u00e0 deux pas du quartier historique. Meilleur tarif garanti sur notre site !","robots":{"index":"index","follow":"follow","max-snippet":"max-snippet:-1","max-image-preview":"max-image-preview:large","max-video-preview":"max-video-preview:-1"},"canonical":"https:\/\/www.cityloftdijon.fr\/es\/contact-acces\/","og_locale":"es_ES","og_type":"article","og_title":"Contacto & Acceso - City Loft Dijon","og_description":"R\u00e9sidence City Loft, au c\u0153ur de Dijon, en Bourgogne, \u00e0 deux pas du quartier historique. Meilleur tarif garanti sur notre site !","og_url":"https:\/\/www.cityloftdijon.fr\/es\/contact-acces\/","og_site_name":"City Loft Dijon","article_publisher":"https:\/\/www.facebook.com\/H%c3%b4tel-City-loft-145636705484875\/","article_modified_time":"2021-12-10T16:11:07+00:00","og_image":[{"url":"https:\/\/www.cityloftdijon.fr\/wp-content\/uploads\/\/residence-city-loft-dijon-facade-1024x965.jpg"}],"twitter_card":"summary_large_image","twitter_misc":{"Tiempo de lectura":"2 minutos"},"schema":{"@context":"https:\/\/schema.org","@graph":[{"@type":"WebPage","@id":"https:\/\/www.cityloftdijon.fr\/es\/contact-acces\/","url":"https:\/\/www.cityloftdijon.fr\/es\/contact-acces\/","name":"Contacto & Acceso - City Loft Dijon","isPartOf":{"@id":"https:\/\/www.cityloftdijon.fr\/es\/#website"},"datePublished":"2021-08-03T08:22:39+00:00","dateModified":"2021-12-10T16:11:07+00:00","description":"R\u00e9sidence City Loft, au c\u0153ur de Dijon, en Bourgogne, \u00e0 deux pas du quartier historique. Meilleur tarif garanti sur notre site !","breadcrumb":{"@id":"https:\/\/www.cityloftdijon.fr\/es\/contact-acces\/#breadcrumb"},"inLanguage":"es","potentialAction":[{"@type":"ReadAction","target":["https:\/\/www.cityloftdijon.fr\/es\/contact-acces\/"]}]},{"@type":"BreadcrumbList","@id":"https:\/\/www.cityloftdijon.fr\/es\/contact-acces\/#breadcrumb","itemListElement":[{"@type":"ListItem","position":1,"name":"Home","item":"https:\/\/www.cityloftdijon.fr\/es\/"},{"@type":"ListItem","position":2,"name":"Contacto &#038; Acceso"}]},{"@type":"WebSite","@id":"https:\/\/www.cityloftdijon.fr\/es\/#website","url":"https:\/\/www.cityloftdijon.fr\/es\/","name":"City Loft Dijon","description":"","publisher":{"@id":"https:\/\/www.cityloftdijon.fr\/es\/#organization"},"potentialAction":[{"@type":"SearchAction","target":{"@type":"EntryPoint","urlTemplate":"https:\/\/www.cityloftdijon.fr\/es\/?s={search_term_string}"},"query-input":"required name=search_term_string"}],"inLanguage":"es"},{"@type":"Organization","@id":"https:\/\/www.cityloftdijon.fr\/es\/#organization","name":"City Loft Dijon","url":"https:\/\/www.cityloftdijon.fr\/es\/","logo":{"@type":"ImageObject","inLanguage":"es","@id":"https:\/\/www.cityloftdijon.fr\/es\/#\/schema\/logo\/image\/","url":"https:\/\/i0.wp.com\/www.cityloftdijon.fr\/wp-content\/uploads\/logo-cityloft.png?fit=280%2C265&ssl=1","contentUrl":"https:\/\/i0.wp.com\/www.cityloftdijon.fr\/wp-content\/uploads\/logo-cityloft.png?fit=280%2C265&ssl=1","width":280,"height":265,"caption":"City Loft Dijon"},"image":{"@id":"https:\/\/www.cityloftdijon.fr\/es\/#\/schema\/logo\/image\/"},"sameAs":["https:\/\/www.facebook.com\/H\u00f4tel-City-loft-145636705484875\/","https:\/\/www.instagram.com\/cityloftdijon\/"]}]}},"_links":{"self":[{"href":"https:\/\/www.cityloftdijon.fr\/es\/wp-json\/wp\/v2\/pages\/2628"}],"collection":[{"href":"https:\/\/www.cityloftdijon.fr\/es\/wp-json\/wp\/v2\/pages"}],"about":[{"href":"https:\/\/www.cityloftdijon.fr\/es\/wp-json\/wp\/v2\/types\/page"}],"author":[{"embeddable":true,"href":"https:\/\/www.cityloftdijon.fr\/es\/wp-json\/wp\/v2\/users\/1"}],"replies":[{"embeddable":true,"href":"https:\/\/www.cityloftdijon.fr\/es\/wp-json\/wp\/v2\/comments?post=2628"}],"version-history":[{"count":4,"href":"https:\/\/www.cityloftdijon.fr\/es\/wp-json\/wp\/v2\/pages\/2628\/revisions"}],"predecessor-version":[{"id":3132,"href":"https:\/\/www.cityloftdijon.fr\/es\/wp-json\/wp\/v2\/pages\/2628\/revisions\/3132"}],"wp:attachment":[{"href":"https:\/\/www.cityloftdijon.fr\/es\/wp-json\/wp\/v2\/media?parent=2628"}],"curies":[{"name":"wp","href":"https:\/\/api.w.org\/{rel}","templated":true}]}}