{"id":2637,"date":"2021-08-03T10:12:29","date_gmt":"2021-08-03T08:12:29","guid":{"rendered":"http:\/\/87.98.162.226\/residence-city-loft-dijon\/"},"modified":"2021-12-02T21:09:33","modified_gmt":"2021-12-02T20:09:33","slug":"residence-city-loft-dijon","status":"publish","type":"page","link":"https:\/\/www.cityloftdijon.fr\/es\/residence-city-loft-dijon\/","title":{"rendered":"La residencia"},"content":{"rendered":"\n<div class=\"is-layout-flow wp-block-group alignfull bg-hexagon-white no-padding-vertical has-black-background-color has-background\"><div class=\"wp-block-group__inner-container\">\n<div class=\"is-layout-flow wp-block-group intro has-white-background-color has-background\"><div class=\"wp-block-group__inner-container\">\n<h1 class=\"has-text-align-center\">Residencia CityLoft en Dijon<\/h1>\n\n\n\n<p class=\"has-text-align-center has-golden-color has-text-color\">\u00a1La autonom\u00eda y tranquilidad de una residencia con servicios de hotel!<\/p>\n\n\n\n<p>Venir al <strong>City Loft<\/strong> significa quedarse en una residencia de tama\u00f1o humano. Le ofrecemos una bienvenida personalizada en un ambiente agradable. <strong>En el coraz\u00f3n de Dijon<\/strong>, aproveche la ubicaci\u00f3n ideal de nuestro establecimiento. Muy cerca encontrar\u00e1 los principales atractivos tur\u00edsticos de la ciudad.<\/p>\n<\/div><\/div>\n<\/div><\/div>\n\n\n\n<div class=\"is-layout-flex wp-container-5 wp-block-columns alignfull main-content-cols img-right larger-grid\">\n<div class=\"is-layout-flow wp-block-column\">\n<figure class=\"wp-block-image size-large\"><img decoding=\"async\" loading=\"lazy\" width=\"1024\" height=\"768\" src=\"https:\/\/i0.wp.com\/www.cityloftdijon.fr\/wp-content\/uploads\/\/residence-city-loft-dijon-au-pauvre-diable.jpg?resize=1024%2C768&#038;ssl=1\" alt=\"R\u00e9sidence - City Loft - Dijon - Au pauvre diable\" class=\"wp-image-2825\" srcset=\"https:\/\/i0.wp.com\/www.cityloftdijon.fr\/wp-content\/uploads\/residence-city-loft-dijon-au-pauvre-diable.jpg?resize=1024%2C768&amp;ssl=1 1024w, https:\/\/i0.wp.com\/www.cityloftdijon.fr\/wp-content\/uploads\/residence-city-loft-dijon-au-pauvre-diable.jpg?resize=300%2C225&amp;ssl=1 300w, https:\/\/i0.wp.com\/www.cityloftdijon.fr\/wp-content\/uploads\/residence-city-loft-dijon-au-pauvre-diable.jpg?resize=768%2C576&amp;ssl=1 768w, https:\/\/i0.wp.com\/www.cityloftdijon.fr\/wp-content\/uploads\/residence-city-loft-dijon-au-pauvre-diable.jpg?resize=1536%2C1152&amp;ssl=1 1536w, https:\/\/i0.wp.com\/www.cityloftdijon.fr\/wp-content\/uploads\/residence-city-loft-dijon-au-pauvre-diable.jpg?w=2000&amp;ssl=1 2000w\" sizes=\"(max-width: 1024px) 100vw, 1024px\" data-recalc-dims=\"1\" \/><\/figure>\n<\/div>\n\n\n\n<div class=\"is-layout-flow wp-block-column col-text\">\n<figure class=\"wp-block-image size-full is-resized\"><img decoding=\"async\" loading=\"lazy\" src=\"https:\/\/i0.wp.com\/www.cityloftdijon.fr\/wp-content\/uploads\/residence.gif?resize=353%2C415&#038;ssl=1\" alt=\"\" class=\"wp-image-2820\" width=\"353\" height=\"415\" data-recalc-dims=\"1\" \/><\/figure>\n\n\n\n<h2 class=\"alignfull\">Un edificio excepcional<\/h2>\n\n\n\n<p><strong>City Loft Dijon<\/strong> est\u00e1 ubicado en los antiguos grandes almacenes \u201cAu Pauvre Diable\u201d, ubicados en el centro de Dijon. La marca fue creada a principios del siglo XIX en 1831. El edificio fue construido en 1875 por un ex director del departamento de Printemps parisino, Georges G\u00e9rault.<br>La pel\u00edcula \u00abVaudeville\u00bb, rodada en Dijon en 1985, con Guy Marchand y Marie-Christine Barrault, destaca esta arquitectura excepcional en Dijon.<\/p>\n<\/div>\n<\/div>\n\n\n\n<div class=\"is-layout-flex wp-container-8 wp-block-columns alignfull main-content-cols img-left larger-grid\">\n<div class=\"is-layout-flow wp-block-column\">\n<figure class=\"wp-block-image size-large\"><img decoding=\"async\" loading=\"lazy\" width=\"1024\" height=\"461\" src=\"https:\/\/i0.wp.com\/www.cityloftdijon.fr\/wp-content\/uploads\/\/residence-city-loft-dijon-salon.jpg?resize=1024%2C461&#038;ssl=1\" alt=\"R\u00e9sidence - City Loft - Dijon - Salon\" class=\"wp-image-2494\" srcset=\"https:\/\/i0.wp.com\/www.cityloftdijon.fr\/wp-content\/uploads\/residence-city-loft-dijon-salon-scaled.jpg?resize=1024%2C461&amp;ssl=1 1024w, https:\/\/i0.wp.com\/www.cityloftdijon.fr\/wp-content\/uploads\/residence-city-loft-dijon-salon-scaled.jpg?resize=300%2C135&amp;ssl=1 300w, https:\/\/i0.wp.com\/www.cityloftdijon.fr\/wp-content\/uploads\/residence-city-loft-dijon-salon-scaled.jpg?resize=768%2C346&amp;ssl=1 768w, https:\/\/i0.wp.com\/www.cityloftdijon.fr\/wp-content\/uploads\/residence-city-loft-dijon-salon-scaled.jpg?resize=1536%2C691&amp;ssl=1 1536w, https:\/\/i0.wp.com\/www.cityloftdijon.fr\/wp-content\/uploads\/residence-city-loft-dijon-salon-scaled.jpg?resize=2048%2C922&amp;ssl=1 2048w, https:\/\/i0.wp.com\/www.cityloftdijon.fr\/wp-content\/uploads\/residence-city-loft-dijon-salon-scaled.jpg?w=2560&amp;ssl=1 2560w\" sizes=\"(max-width: 1024px) 100vw, 1024px\" data-recalc-dims=\"1\" \/><\/figure>\n<\/div>\n\n\n\n<div class=\"is-layout-flow wp-block-column col-text\">\n<figure class=\"wp-block-image size-full\"><img decoding=\"async\" src=\"https:\/\/www.cityloftdijon.fr\/wp-content\/uploads\/armchair.svg\" alt=\"\" class=\"wp-image-2638\"\/><\/figure>\n\n\n\n<h2>Nuestros espacios interiores<\/h2>\n\n\n\n<p>Todos los apartamentos<strong> City Loft Dijon<\/strong> convergen en las zonas comunes de nuestra residencia. Esta c\u00e1lida atm\u00f3sfera es perceptible en cuanto cruzas el umbral de la puerta.<br>Cuando dejas el ajetreo y el bullicio de la ciudad para llegar a la recepci\u00f3n, los c\u00f3modos sillones, la decoraci\u00f3n y el personal especialmente atento que te da la bienvenida, son invitaciones para relajarte y disfrutar de tu estancia. En el coraz\u00f3n de la ciudad, disfruta de nuestro patio interior vegetado.<\/p>\n<\/div>\n<\/div>\n\n\n\n<div class=\"is-layout-flex wp-container-11 wp-block-columns alignfull main-content-cols img-right larger-grid\">\n<div class=\"is-layout-flow wp-block-column\">\n<figure class=\"wp-block-image size-large\"><img decoding=\"async\" loading=\"lazy\" width=\"1024\" height=\"576\" src=\"https:\/\/i0.wp.com\/www.cityloftdijon.fr\/wp-content\/uploads\/\/residence-city-loft-dijon-espaces-communs.jpg?resize=1024%2C576&#038;ssl=1\" alt=\"R\u00e9sidence - City Loft - Dijon - Espace communs\" class=\"wp-image-2866\" srcset=\"https:\/\/i0.wp.com\/www.cityloftdijon.fr\/wp-content\/uploads\/residence-city-loft-dijon-espaces-communs.jpg?resize=1024%2C576&amp;ssl=1 1024w, https:\/\/i0.wp.com\/www.cityloftdijon.fr\/wp-content\/uploads\/residence-city-loft-dijon-espaces-communs.jpg?resize=300%2C169&amp;ssl=1 300w, https:\/\/i0.wp.com\/www.cityloftdijon.fr\/wp-content\/uploads\/residence-city-loft-dijon-espaces-communs.jpg?resize=768%2C432&amp;ssl=1 768w, https:\/\/i0.wp.com\/www.cityloftdijon.fr\/wp-content\/uploads\/residence-city-loft-dijon-espaces-communs.jpg?resize=1536%2C864&amp;ssl=1 1536w, https:\/\/i0.wp.com\/www.cityloftdijon.fr\/wp-content\/uploads\/residence-city-loft-dijon-espaces-communs.jpg?w=1733&amp;ssl=1 1733w\" sizes=\"(max-width: 1024px) 100vw, 1024px\" data-recalc-dims=\"1\" \/><\/figure>\n<\/div>\n\n\n\n<div class=\"is-layout-flow wp-block-column col-text\">\n<figure class=\"wp-block-image size-full is-resized\"><img decoding=\"async\" loading=\"lazy\" src=\"https:\/\/i0.wp.com\/www.cityloftdijon.fr\/wp-content\/uploads\/residence.gif?resize=353%2C415&#038;ssl=1\" alt=\"\" class=\"wp-image-2820\" width=\"353\" height=\"415\" data-recalc-dims=\"1\" \/><\/figure>\n\n\n\n<h2 class=\"alignfull\">La recepci\u00f3n<\/h2>\n\n\n\n<p>Nuestro equipo multiling\u00fce le dar\u00e1 la bienvenida en la recepci\u00f3n de City Loft a su llegada a la propiedad. La recepci\u00f3n se encuentra en el acogedor vest\u00edbulo del hotel.<br>Comparta con nosotros sus deseos y expectativas para su estad\u00eda. Siempre es un placer dirigirle a las direcciones imperdibles de Dijon.<br>Nuestra recepci\u00f3n est\u00e1 abierta todos los d\u00edas de 7:00 a 13:00 horas y de 15:00 a 23:00 horas.<\/p>\n<\/div>\n<\/div>\n\n\n\n<div class=\"is-layout-flex wp-container-14 wp-block-columns alignfull main-content-cols img-left larger-grid\">\n<div class=\"is-layout-flow wp-block-column\">\n<figure class=\"wp-block-image size-large\"><img decoding=\"async\" loading=\"lazy\" width=\"1024\" height=\"682\" src=\"https:\/\/i0.wp.com\/www.cityloftdijon.fr\/wp-content\/uploads\/\/residence-city-loft-dijon-quartier.jpg?resize=1024%2C682&#038;ssl=1\" alt=\"\" class=\"wp-image-2867\" srcset=\"https:\/\/i0.wp.com\/www.cityloftdijon.fr\/wp-content\/uploads\/residence-city-loft-dijon-quartier.jpg?resize=1024%2C682&amp;ssl=1 1024w, https:\/\/i0.wp.com\/www.cityloftdijon.fr\/wp-content\/uploads\/residence-city-loft-dijon-quartier.jpg?resize=300%2C200&amp;ssl=1 300w, https:\/\/i0.wp.com\/www.cityloftdijon.fr\/wp-content\/uploads\/residence-city-loft-dijon-quartier.jpg?resize=768%2C512&amp;ssl=1 768w, https:\/\/i0.wp.com\/www.cityloftdijon.fr\/wp-content\/uploads\/residence-city-loft-dijon-quartier.jpg?resize=1536%2C1024&amp;ssl=1 1536w, https:\/\/i0.wp.com\/www.cityloftdijon.fr\/wp-content\/uploads\/residence-city-loft-dijon-quartier.jpg?w=2000&amp;ssl=1 2000w\" sizes=\"(max-width: 1024px) 100vw, 1024px\" data-recalc-dims=\"1\" \/><\/figure>\n<\/div>\n\n\n\n<div class=\"is-layout-flow wp-block-column col-text\">\n<h2>El distrito<\/h2>\n\n\n\n<p>Con una ubicaci\u00f3n ideal en la zona peatonal del centro de la ciudad, la Residencia City Loft tiene vistas a una de las calles m\u00e1s bellas y comerciales de Dijon, la rue de la Libert\u00e9, muy cerca del Palacio de los Duques.<\/p>\n\n\n\n<p>Cerca de la residencia City Loft encontrar\u00e1:<\/p>\n\n\n\n<ul><li>El Museo de Bellas Artes de Dijon a 290 m<\/li><li>El Palacio de los Duques y Estados de Borgo\u00f1a a 290 m<\/li><li>Catedral de Saint B\u00e9nigne a 450 m<\/li><li>El Museo Rude a 500 m<\/li><li>La Capilla de los Elegidos a 650 m<\/li><li>El Consorcio a 1,4 km<\/li><li>El Auditorio a 1,6 km<\/li><li>Centro de congresos y exposiciones de Dijon a 1,6 km<\/li><li>Universidad de Borgo\u00f1a &#8211; Dijon a 3.3 km<\/li><li>Golf Blue Green Qu\u00e9tigny Bourgogne a 7 km<\/li><\/ul>\n<\/div>\n<\/div>\n\n\n\n<div class=\"is-layout-flow wp-block-group alignfull has-white-color has-black-background-color has-text-color has-background\"><div class=\"wp-block-group__inner-container\">\n<div class=\"is-layout-flex wp-container-19 wp-block-columns alignwide columns-margin-large\">\n<div class=\"is-layout-flow wp-block-column\">\n<figure class=\"wp-block-image alignfull size-large\"><img decoding=\"async\" loading=\"lazy\" width=\"1024\" height=\"565\" src=\"https:\/\/i0.wp.com\/www.cityloftdijon.fr\/wp-content\/uploads\/\/20211015_120407-2.jpg?resize=1024%2C565&#038;ssl=1\" alt=\"petit-d\u00e9jeuner city loft\" class=\"wp-image-2227\" srcset=\"https:\/\/i0.wp.com\/www.cityloftdijon.fr\/wp-content\/uploads\/20211015_120407-2-scaled.jpg?resize=1024%2C565&amp;ssl=1 1024w, https:\/\/i0.wp.com\/www.cityloftdijon.fr\/wp-content\/uploads\/20211015_120407-2-scaled.jpg?resize=300%2C166&amp;ssl=1 300w, https:\/\/i0.wp.com\/www.cityloftdijon.fr\/wp-content\/uploads\/20211015_120407-2-scaled.jpg?resize=768%2C424&amp;ssl=1 768w, https:\/\/i0.wp.com\/www.cityloftdijon.fr\/wp-content\/uploads\/20211015_120407-2-scaled.jpg?resize=1536%2C848&amp;ssl=1 1536w, https:\/\/i0.wp.com\/www.cityloftdijon.fr\/wp-content\/uploads\/20211015_120407-2-scaled.jpg?resize=2048%2C1130&amp;ssl=1 2048w, https:\/\/i0.wp.com\/www.cityloftdijon.fr\/wp-content\/uploads\/20211015_120407-2-scaled.jpg?w=2560&amp;ssl=1 2560w\" sizes=\"(max-width: 1024px) 100vw, 1024px\" data-recalc-dims=\"1\" \/><\/figure>\n\n\n\n<h2 class=\"not-underline\">Nuestros servicios<\/h2>\n\n\n\n<p>Para sus viajes de negocios, fines de semana rom\u00e1nticos o viajes familiares, disfrute de la calidad de nuestros servicios<\/p>\n\n\n\n<div class=\"is-layout-flex wp-block-buttons\">\n<div class=\"wp-block-button\"><a class=\"wp-block-button__link has-mustard-color has-black-background-color has-text-color has-background\" href=\"\/es\/services-city-loft-dijon\/\">Descubrir nuestros servicios<\/a><\/div>\n<\/div>\n<\/div>\n\n\n\n<div class=\"is-layout-flow wp-block-column\">\n<figure class=\"wp-block-image alignfull size-large\"><img decoding=\"async\" loading=\"lazy\" width=\"1024\" height=\"641\" src=\"https:\/\/i0.wp.com\/www.cityloftdijon.fr\/wp-content\/uploads\/\/Sans-titre-2-edited-1024x641.png?resize=1024%2C641&#038;ssl=1\" alt=\"\u00e9quipe city loft dijon\" class=\"wp-image-2440\" srcset=\"https:\/\/i0.wp.com\/www.cityloftdijon.fr\/wp-content\/uploads\/Sans-titre-2-edited.png?resize=1024%2C641&amp;ssl=1 1024w, https:\/\/i0.wp.com\/www.cityloftdijon.fr\/wp-content\/uploads\/Sans-titre-2-edited.png?resize=300%2C188&amp;ssl=1 300w, https:\/\/i0.wp.com\/www.cityloftdijon.fr\/wp-content\/uploads\/Sans-titre-2-edited.png?resize=768%2C480&amp;ssl=1 768w, https:\/\/i0.wp.com\/www.cityloftdijon.fr\/wp-content\/uploads\/Sans-titre-2-edited.png?resize=1536%2C961&amp;ssl=1 1536w, https:\/\/i0.wp.com\/www.cityloftdijon.fr\/wp-content\/uploads\/Sans-titre-2-edited.png?w=2000&amp;ssl=1 2000w\" sizes=\"(max-width: 1024px) 100vw, 1024px\" data-recalc-dims=\"1\" \/><\/figure>\n\n\n\n<h2 class=\"not-underline\">El Equipo<\/h2>\n\n\n\n<p>Conoce a todo el equipo de City Loft Dijon. Aprender\u00e1 sobre sus lugares favoritos en Dijon.<\/p>\n\n\n\n<div class=\"is-layout-flex wp-block-buttons\">\n<div class=\"wp-block-button\"><a class=\"wp-block-button__link has-mustard-color has-black-background-color has-text-color has-background\" href=\"\/es\/equipe\/\">Ven a conocernos<\/a><\/div>\n<\/div>\n<\/div>\n<\/div>\n<\/div><\/div>\n\n\n\n<figure class=\"is-layout-flex wp-block-gallery-21 wp-block-gallery alignfull columns-3 is-cropped not-equal\"><ul class=\"blocks-gallery-grid\"><li class=\"blocks-gallery-item\"><figure><img decoding=\"async\" loading=\"lazy\" width=\"1280\" height=\"576\" src=\"https:\/\/i0.wp.com\/www.cityloftdijon.fr\/wp-content\/uploads\/residence-city-loft-dijon-cour-interieure-scaled.jpg?resize=1280%2C576&#038;ssl=1\" alt=\"\" data-id=\"619\" data-full-url=\"https:\/\/i0.wp.com\/www.cityloftdijon.fr\/wp-content\/uploads\/residence-city-loft-dijon-cour-interieure-scaled.jpg?resize=1280%2C576&#038;ssl=1\" data-link=\"https:\/\/www.cityloftdijon.fr\/residence-city-loft-dijon\/residence-city-loft-dijon-cour-interieure\/\" class=\"wp-image-2868\" srcset=\"https:\/\/i0.wp.com\/www.cityloftdijon.fr\/wp-content\/uploads\/residence-city-loft-dijon-cour-interieure-scaled.jpg?w=2560&amp;ssl=1 2560w, https:\/\/i0.wp.com\/www.cityloftdijon.fr\/wp-content\/uploads\/residence-city-loft-dijon-cour-interieure-scaled.jpg?resize=300%2C135&amp;ssl=1 300w, https:\/\/i0.wp.com\/www.cityloftdijon.fr\/wp-content\/uploads\/residence-city-loft-dijon-cour-interieure-scaled.jpg?resize=1024%2C461&amp;ssl=1 1024w, https:\/\/i0.wp.com\/www.cityloftdijon.fr\/wp-content\/uploads\/residence-city-loft-dijon-cour-interieure-scaled.jpg?resize=768%2C346&amp;ssl=1 768w, https:\/\/i0.wp.com\/www.cityloftdijon.fr\/wp-content\/uploads\/residence-city-loft-dijon-cour-interieure-scaled.jpg?resize=1536%2C691&amp;ssl=1 1536w, https:\/\/i0.wp.com\/www.cityloftdijon.fr\/wp-content\/uploads\/residence-city-loft-dijon-cour-interieure-scaled.jpg?resize=2048%2C922&amp;ssl=1 2048w\" sizes=\"(max-width: 1280px) 100vw, 1280px\" data-recalc-dims=\"1\" \/><\/figure><\/li><li class=\"blocks-gallery-item\"><figure><img decoding=\"async\" loading=\"lazy\" width=\"1280\" height=\"576\" src=\"https:\/\/i0.wp.com\/www.cityloftdijon.fr\/wp-content\/uploads\/residence-city-loft-dijon-services-scaled.jpg?resize=1280%2C576&#038;ssl=1\" alt=\"\" data-id=\"623\" data-full-url=\"https:\/\/i0.wp.com\/www.cityloftdijon.fr\/wp-content\/uploads\/residence-city-loft-dijon-services-scaled.jpg?resize=1280%2C576&#038;ssl=1\" data-link=\"https:\/\/www.cityloftdijon.fr\/residence-city-loft-dijon\/residence-city-loft-dijon-services\/\" class=\"wp-image-2869\" srcset=\"https:\/\/i0.wp.com\/www.cityloftdijon.fr\/wp-content\/uploads\/residence-city-loft-dijon-services-scaled.jpg?w=2560&amp;ssl=1 2560w, https:\/\/i0.wp.com\/www.cityloftdijon.fr\/wp-content\/uploads\/residence-city-loft-dijon-services-scaled.jpg?resize=300%2C135&amp;ssl=1 300w, https:\/\/i0.wp.com\/www.cityloftdijon.fr\/wp-content\/uploads\/residence-city-loft-dijon-services-scaled.jpg?resize=1024%2C461&amp;ssl=1 1024w, https:\/\/i0.wp.com\/www.cityloftdijon.fr\/wp-content\/uploads\/residence-city-loft-dijon-services-scaled.jpg?resize=768%2C346&amp;ssl=1 768w, https:\/\/i0.wp.com\/www.cityloftdijon.fr\/wp-content\/uploads\/residence-city-loft-dijon-services-scaled.jpg?resize=1536%2C691&amp;ssl=1 1536w, https:\/\/i0.wp.com\/www.cityloftdijon.fr\/wp-content\/uploads\/residence-city-loft-dijon-services-scaled.jpg?resize=2048%2C922&amp;ssl=1 2048w\" sizes=\"(max-width: 1280px) 100vw, 1280px\" data-recalc-dims=\"1\" \/><\/figure><\/li><li class=\"blocks-gallery-item\"><figure><img decoding=\"async\" loading=\"lazy\" width=\"1280\" height=\"576\" src=\"https:\/\/i0.wp.com\/www.cityloftdijon.fr\/wp-content\/uploads\/city-loft-cozy-20210730_134157.jpg?resize=1280%2C576&#038;ssl=1\" alt=\"\" data-id=\"91\" data-full-url=\"https:\/\/i0.wp.com\/www.cityloftdijon.fr\/wp-content\/uploads\/city-loft-cozy-20210730_134157.jpg?resize=1280%2C576&#038;ssl=1\" data-link=\"https:\/\/www.cityloftdijon.fr\/accueil\/city-loft-cozy-20210730_134157\/\" class=\"wp-image-2819\" srcset=\"https:\/\/i0.wp.com\/www.cityloftdijon.fr\/wp-content\/uploads\/city-loft-cozy-20210730_134157.jpg?w=2200&amp;ssl=1 2200w, https:\/\/i0.wp.com\/www.cityloftdijon.fr\/wp-content\/uploads\/city-loft-cozy-20210730_134157.jpg?resize=300%2C135&amp;ssl=1 300w, https:\/\/i0.wp.com\/www.cityloftdijon.fr\/wp-content\/uploads\/city-loft-cozy-20210730_134157.jpg?resize=1024%2C461&amp;ssl=1 1024w, https:\/\/i0.wp.com\/www.cityloftdijon.fr\/wp-content\/uploads\/city-loft-cozy-20210730_134157.jpg?resize=768%2C346&amp;ssl=1 768w, https:\/\/i0.wp.com\/www.cityloftdijon.fr\/wp-content\/uploads\/city-loft-cozy-20210730_134157.jpg?resize=1536%2C691&amp;ssl=1 1536w, https:\/\/i0.wp.com\/www.cityloftdijon.fr\/wp-content\/uploads\/city-loft-cozy-20210730_134157.jpg?resize=2048%2C922&amp;ssl=1 2048w\" sizes=\"(max-width: 1280px) 100vw, 1280px\" data-recalc-dims=\"1\" \/><\/figure><\/li><\/ul><\/figure>\n","protected":false},"excerpt":{"rendered":"<p>Residencia CityLoft en Dijon \u00a1La autonom\u00eda y tranquilidad de una residencia con servicios de hotel! Venir al City Loft significa quedarse en una residencia de tama\u00f1o humano. Le ofrecemos una bienvenida personalizada en un ambiente agradable. En el coraz\u00f3n de Dijon, aproveche la ubicaci\u00f3n ideal de nuestro establecimiento. Muy cerca encontrar\u00e1 los principales atractivos tur\u00edsticos [&hellip;]<\/p>\n","protected":false},"author":1,"featured_media":0,"parent":0,"menu_order":0,"comment_status":"closed","ping_status":"closed","template":"","meta":[],"yoast_head":"<!-- This site is optimized with the Yoast SEO plugin v21.1 - https:\/\/yoast.com\/wordpress\/plugins\/seo\/ -->\n<title>La residencia - City Loft Dijon<\/title>\n<meta name=\"description\" content=\"R\u00e9sidence City Loft Dijon: appartements dans le centre de Dijon, France. Services h\u00f4teliers. Meilleur prix garanti sur notre Site Officiel.\" \/>\n<meta name=\"robots\" content=\"index, follow, max-snippet:-1, max-image-preview:large, max-video-preview:-1\" \/>\n<link rel=\"canonical\" href=\"https:\/\/www.cityloftdijon.fr\/es\/residence-city-loft-dijon\/\" \/>\n<meta property=\"og:locale\" content=\"es_ES\" \/>\n<meta property=\"og:type\" content=\"article\" \/>\n<meta property=\"og:title\" content=\"La residencia - City Loft Dijon\" \/>\n<meta property=\"og:description\" content=\"R\u00e9sidence City Loft Dijon: appartements dans le centre de Dijon, France. Services h\u00f4teliers. Meilleur prix garanti sur notre Site Officiel.\" \/>\n<meta property=\"og:url\" content=\"https:\/\/www.cityloftdijon.fr\/es\/residence-city-loft-dijon\/\" \/>\n<meta property=\"og:site_name\" content=\"City Loft Dijon\" \/>\n<meta property=\"article:publisher\" content=\"https:\/\/www.facebook.com\/H%c3%b4tel-City-loft-145636705484875\/\" \/>\n<meta property=\"article:modified_time\" content=\"2021-12-02T20:09:33+00:00\" \/>\n<meta property=\"og:image\" content=\"https:\/\/www.cityloftdijon.fr\/wp-content\/uploads\/\/residence-city-loft-dijon-au-pauvre-diable-1024x768.jpg\" \/>\n<meta name=\"twitter:card\" content=\"summary_large_image\" \/>\n<meta name=\"twitter:label1\" content=\"Tiempo de lectura\" \/>\n\t<meta name=\"twitter:data1\" content=\"5 minutos\" \/>\n<script type=\"application\/ld+json\" class=\"yoast-schema-graph\">{\"@context\":\"https:\/\/schema.org\",\"@graph\":[{\"@type\":\"WebPage\",\"@id\":\"https:\/\/www.cityloftdijon.fr\/es\/residence-city-loft-dijon\/\",\"url\":\"https:\/\/www.cityloftdijon.fr\/es\/residence-city-loft-dijon\/\",\"name\":\"La residencia - City Loft Dijon\",\"isPartOf\":{\"@id\":\"https:\/\/www.cityloftdijon.fr\/es\/#website\"},\"datePublished\":\"2021-08-03T08:12:29+00:00\",\"dateModified\":\"2021-12-02T20:09:33+00:00\",\"description\":\"R\u00e9sidence City Loft Dijon: appartements dans le centre de Dijon, France. Services h\u00f4teliers. Meilleur prix garanti sur notre Site Officiel.\",\"breadcrumb\":{\"@id\":\"https:\/\/www.cityloftdijon.fr\/es\/residence-city-loft-dijon\/#breadcrumb\"},\"inLanguage\":\"es\",\"potentialAction\":[{\"@type\":\"ReadAction\",\"target\":[\"https:\/\/www.cityloftdijon.fr\/es\/residence-city-loft-dijon\/\"]}]},{\"@type\":\"BreadcrumbList\",\"@id\":\"https:\/\/www.cityloftdijon.fr\/es\/residence-city-loft-dijon\/#breadcrumb\",\"itemListElement\":[{\"@type\":\"ListItem\",\"position\":1,\"name\":\"Home\",\"item\":\"https:\/\/www.cityloftdijon.fr\/es\/\"},{\"@type\":\"ListItem\",\"position\":2,\"name\":\"La residencia\"}]},{\"@type\":\"WebSite\",\"@id\":\"https:\/\/www.cityloftdijon.fr\/es\/#website\",\"url\":\"https:\/\/www.cityloftdijon.fr\/es\/\",\"name\":\"City Loft Dijon\",\"description\":\"\",\"publisher\":{\"@id\":\"https:\/\/www.cityloftdijon.fr\/es\/#organization\"},\"potentialAction\":[{\"@type\":\"SearchAction\",\"target\":{\"@type\":\"EntryPoint\",\"urlTemplate\":\"https:\/\/www.cityloftdijon.fr\/es\/?s={search_term_string}\"},\"query-input\":\"required name=search_term_string\"}],\"inLanguage\":\"es\"},{\"@type\":\"Organization\",\"@id\":\"https:\/\/www.cityloftdijon.fr\/es\/#organization\",\"name\":\"City Loft Dijon\",\"url\":\"https:\/\/www.cityloftdijon.fr\/es\/\",\"logo\":{\"@type\":\"ImageObject\",\"inLanguage\":\"es\",\"@id\":\"https:\/\/www.cityloftdijon.fr\/es\/#\/schema\/logo\/image\/\",\"url\":\"https:\/\/i0.wp.com\/www.cityloftdijon.fr\/wp-content\/uploads\/logo-cityloft.png?fit=280%2C265&ssl=1\",\"contentUrl\":\"https:\/\/i0.wp.com\/www.cityloftdijon.fr\/wp-content\/uploads\/logo-cityloft.png?fit=280%2C265&ssl=1\",\"width\":280,\"height\":265,\"caption\":\"City Loft Dijon\"},\"image\":{\"@id\":\"https:\/\/www.cityloftdijon.fr\/es\/#\/schema\/logo\/image\/\"},\"sameAs\":[\"https:\/\/www.facebook.com\/H\u00f4tel-City-loft-145636705484875\/\",\"https:\/\/www.instagram.com\/cityloftdijon\/\"]}]}<\/script>\n<!-- \/ Yoast SEO plugin. -->","yoast_head_json":{"title":"La residencia - City Loft Dijon","description":"R\u00e9sidence City Loft Dijon: appartements dans le centre de Dijon, France. Services h\u00f4teliers. Meilleur prix garanti sur notre Site Officiel.","robots":{"index":"index","follow":"follow","max-snippet":"max-snippet:-1","max-image-preview":"max-image-preview:large","max-video-preview":"max-video-preview:-1"},"canonical":"https:\/\/www.cityloftdijon.fr\/es\/residence-city-loft-dijon\/","og_locale":"es_ES","og_type":"article","og_title":"La residencia - City Loft Dijon","og_description":"R\u00e9sidence City Loft Dijon: appartements dans le centre de Dijon, France. Services h\u00f4teliers. Meilleur prix garanti sur notre Site Officiel.","og_url":"https:\/\/www.cityloftdijon.fr\/es\/residence-city-loft-dijon\/","og_site_name":"City Loft Dijon","article_publisher":"https:\/\/www.facebook.com\/H%c3%b4tel-City-loft-145636705484875\/","article_modified_time":"2021-12-02T20:09:33+00:00","og_image":[{"url":"https:\/\/www.cityloftdijon.fr\/wp-content\/uploads\/\/residence-city-loft-dijon-au-pauvre-diable-1024x768.jpg"}],"twitter_card":"summary_large_image","twitter_misc":{"Tiempo de lectura":"5 minutos"},"schema":{"@context":"https:\/\/schema.org","@graph":[{"@type":"WebPage","@id":"https:\/\/www.cityloftdijon.fr\/es\/residence-city-loft-dijon\/","url":"https:\/\/www.cityloftdijon.fr\/es\/residence-city-loft-dijon\/","name":"La residencia - City Loft Dijon","isPartOf":{"@id":"https:\/\/www.cityloftdijon.fr\/es\/#website"},"datePublished":"2021-08-03T08:12:29+00:00","dateModified":"2021-12-02T20:09:33+00:00","description":"R\u00e9sidence City Loft Dijon: appartements dans le centre de Dijon, France. Services h\u00f4teliers. Meilleur prix garanti sur notre Site Officiel.","breadcrumb":{"@id":"https:\/\/www.cityloftdijon.fr\/es\/residence-city-loft-dijon\/#breadcrumb"},"inLanguage":"es","potentialAction":[{"@type":"ReadAction","target":["https:\/\/www.cityloftdijon.fr\/es\/residence-city-loft-dijon\/"]}]},{"@type":"BreadcrumbList","@id":"https:\/\/www.cityloftdijon.fr\/es\/residence-city-loft-dijon\/#breadcrumb","itemListElement":[{"@type":"ListItem","position":1,"name":"Home","item":"https:\/\/www.cityloftdijon.fr\/es\/"},{"@type":"ListItem","position":2,"name":"La residencia"}]},{"@type":"WebSite","@id":"https:\/\/www.cityloftdijon.fr\/es\/#website","url":"https:\/\/www.cityloftdijon.fr\/es\/","name":"City Loft Dijon","description":"","publisher":{"@id":"https:\/\/www.cityloftdijon.fr\/es\/#organization"},"potentialAction":[{"@type":"SearchAction","target":{"@type":"EntryPoint","urlTemplate":"https:\/\/www.cityloftdijon.fr\/es\/?s={search_term_string}"},"query-input":"required name=search_term_string"}],"inLanguage":"es"},{"@type":"Organization","@id":"https:\/\/www.cityloftdijon.fr\/es\/#organization","name":"City Loft Dijon","url":"https:\/\/www.cityloftdijon.fr\/es\/","logo":{"@type":"ImageObject","inLanguage":"es","@id":"https:\/\/www.cityloftdijon.fr\/es\/#\/schema\/logo\/image\/","url":"https:\/\/i0.wp.com\/www.cityloftdijon.fr\/wp-content\/uploads\/logo-cityloft.png?fit=280%2C265&ssl=1","contentUrl":"https:\/\/i0.wp.com\/www.cityloftdijon.fr\/wp-content\/uploads\/logo-cityloft.png?fit=280%2C265&ssl=1","width":280,"height":265,"caption":"City Loft Dijon"},"image":{"@id":"https:\/\/www.cityloftdijon.fr\/es\/#\/schema\/logo\/image\/"},"sameAs":["https:\/\/www.facebook.com\/H\u00f4tel-City-loft-145636705484875\/","https:\/\/www.instagram.com\/cityloftdijon\/"]}]}},"_links":{"self":[{"href":"https:\/\/www.cityloftdijon.fr\/es\/wp-json\/wp\/v2\/pages\/2637"}],"collection":[{"href":"https:\/\/www.cityloftdijon.fr\/es\/wp-json\/wp\/v2\/pages"}],"about":[{"href":"https:\/\/www.cityloftdijon.fr\/es\/wp-json\/wp\/v2\/types\/page"}],"author":[{"embeddable":true,"href":"https:\/\/www.cityloftdijon.fr\/es\/wp-json\/wp\/v2\/users\/1"}],"replies":[{"embeddable":true,"href":"https:\/\/www.cityloftdijon.fr\/es\/wp-json\/wp\/v2\/comments?post=2637"}],"version-history":[{"count":8,"href":"https:\/\/www.cityloftdijon.fr\/es\/wp-json\/wp\/v2\/pages\/2637\/revisions"}],"predecessor-version":[{"id":3122,"href":"https:\/\/www.cityloftdijon.fr\/es\/wp-json\/wp\/v2\/pages\/2637\/revisions\/3122"}],"wp:attachment":[{"href":"https:\/\/www.cityloftdijon.fr\/es\/wp-json\/wp\/v2\/media?parent=2637"}],"curies":[{"name":"wp","href":"https:\/\/api.w.org\/{rel}","templated":true}]}}